{"id":10,"date":"2024-08-19T01:37:32","date_gmt":"2024-08-19T01:37:32","guid":{"rendered":"https:\/\/www.elementonatural.com\/terms-conditions\/"},"modified":"2025-04-24T14:14:27","modified_gmt":"2025-04-24T20:14:27","slug":"terms-conditions","status":"publish","type":"page","link":"https:\/\/www.elementonatural.com\/es\/terms-conditions\/","title":{"rendered":"T\u00e9rminos y condiciones"},"content":{"rendered":"<div data-elementor-type=\"wp-page\" data-elementor-id=\"10\" class=\"elementor elementor-10\" data-elementor-post-type=\"page\">\n\t\t\t\t<div class=\"elementor-element elementor-element-2f0781ab e-flex e-con-boxed e-con e-parent\" data-id=\"2f0781ab\" data-element_type=\"container\" data-e-type=\"container\">\n\t\t\t\t\t<div class=\"e-con-inner\">\n\t\t\t\t<div class=\"elementor-element elementor-element-535e771 elementor-widget elementor-widget-text-editor\" data-id=\"535e771\" data-element_type=\"widget\" data-e-type=\"widget\" data-widget_type=\"text-editor.default\">\n\t\t\t\t<div class=\"elementor-widget-container\">\n\t\t\t\t\t\t\t\t\t\n<h4 id=\"h-these-are-the-general-terms-and-conditions-that-we-follow-in-each-of-our-agreements\" class=\"wp-block-heading\">Estos son los t\u00e9rminos y condiciones generales que seguimos en cada uno de nuestros acuerdos.<\/h4>\n\n<p>\u00a0<\/p>\n<h4>RESERVAS<\/h4>\n<p>Puede reservar directamente con nosotros por correo electr\u00f3nico o a trav\u00e9s del formulario de reserva incluido en la p\u00e1gina web. Nos pondremos en contacto con usted para enviarle un borrador o verificar todos los detalles de su viaje. Una vez acordado, podr\u00e1 garantizar su reserva: ELEMENTO NATURAL debe recibir un prepago y una confirmaci\u00f3n por escrito al menos 30 d\u00edas antes de la salida.<\/p>\n<h4><br \/>PAGOS<\/h4>\n<p>No tiene que pagar nada para enviar su solicitud de reserva. Una vez que confirmemos la disponibilidad y acordamos los servicios, generaremos un contrato para sus registros. Debe realizar un pago por adelantado del 30% del costo total del tour para confirmar la reserva. Al menos 30 d\u00edas antes de su llegada, deber\u00e1 pagar el total de su paquete. Puede hacerlo mediante transferencia bancaria a nuestra cuenta o a trav\u00e9s de un enlace de pago que le enviaremos por correo electr\u00f3nico.<\/p>\n<h4><br \/>CANCELACIONES<\/h4>\n<p>Debe enviar una notificaci\u00f3n por escrito de cualquier modificaci\u00f3n y\/o cancelaci\u00f3n.<br \/>Cualquier cancelaci\u00f3n estar\u00e1 sujeta a una tarifa administrativa de $100. Las cancelaciones realizadas dentro de los 30 d\u00edas previos al inicio de su aventura resultar\u00e1n en la p\u00e9rdida de su pago anticipado. Por lo tanto, cualquier cancelaci\u00f3n realizada antes de los 30 d\u00edas previos al inicio de su aventura recibir\u00e1 un reembolso. Una vez completado su segundo pago, cualquier cancelaci\u00f3n resultar\u00e1 en una penalizaci\u00f3n del 100%.<br \/>Para la temporada alta (cualquier fecha entre el 20 de diciembre y el 6 de enero, o Semana Santa), el plazo de cancelaci\u00f3n se reducir\u00e1 de 30 a 45 d\u00edas antes del inicio del viaje.<\/p>\n<h4><br \/>RESPONSABILIDADES DEL ELEMENTO NATURAL<\/h4>\n<p>ELEMENTO NATURAL se reserva el derecho de cancelar, modificar o retrasar el itinerario del viaje cuando lo considere necesario para el beneficio de nuestros clientes. ELEMENTO NATURAL no se responsabiliza por circunstancias extraordinarias como mal tiempo o alteraci\u00f3n del estado de las carreteras; tampoco nos responsabilizamos por enfermedades, lesiones, da\u00f1os, p\u00e9rdidas, retrasos ni ninguna otra irregularidad causada por actos involuntarios o negligentes de otras empresas o terceros involucrados en el cumplimiento del itinerario, ni por desastres naturales, asuntos pol\u00edticos o festividades. Su viaje es un tour de aventura y pueden ocurrir imprevistos, por lo que no siempre podemos seguir el itinerario inicial. Si no surge ninguna circunstancia inesperada durante su viaje, Elemento Natural seguir\u00e1 el itinerario dise\u00f1ado tal como est\u00e1.<br \/>ELEMENTO NATURAL tambi\u00e9n se reserva el derecho de admisi\u00f3n a nuestros viajes, no siendo responsables por deficiencias mentales, f\u00edsicas o negligencias de nuestros clientes.<br \/>En caso de que no dispongas de ning\u00fan tipo de seguro de viaje, te recomendamos encarecidamente que contrates uno en tu pa\u00eds de origen, que incluya una cl\u00e1usula de cancelaci\u00f3n.<\/p>\n<h4><br \/>RESPONSABILIDADES DEL CLIENTE<\/h4>\n<p>El cliente participa voluntariamente en estas actividades, consciente de los peligros que conllevan, y acepta asumir todos los riesgos, incluyendo posibles lesiones o fallecimiento. El cliente est\u00e1 obligado a aceptar los consejos y la orientaci\u00f3n del gu\u00eda. Tambi\u00e9n se compromete a comportarse de forma segura y a respetar la fauna de las zonas que visitaremos, as\u00ed como el estilo de vida y las tradiciones de la poblaci\u00f3n local de nuestro pa\u00eds. Los menores de 18 a\u00f1os deber\u00e1n estar acompa\u00f1ados por un padre o tutor legal. Cualquier actividad adicional u opcional no incluida en el tour deber\u00e1 ser abonada por el cliente.<\/p>\n\t\t\t\t\t\t\t\t<\/div>\n\t\t\t\t<\/div>\n\t\t\t\t\t<\/div>\n\t\t\t\t<\/div>\n\t\t\t\t<\/div>","protected":false},"excerpt":{"rendered":"<p>These are the general terms and conditions that we follow in each of our agreements. \u00a0 RESERVATIONS You can make your reservations directly with us via email or using the reservation form included in the website. We will then contact you to send you a draft and\/or verify all the details of your trip. Once [&hellip;]<\/p>","protected":false},"author":1,"featured_media":0,"parent":0,"menu_order":0,"comment_status":"closed","ping_status":"closed","template":"","meta":{"footnotes":""},"class_list":["post-10","page","type-page","status-publish","hentry"],"yoast_head":"<!-- This site is optimized with the Yoast SEO Premium plugin v24.2 (Yoast SEO v27.3) - https:\/\/yoast.com\/product\/yoast-seo-premium-wordpress\/ -->\n<title>Terms &amp; Conditions - Elemento Natural<\/title>\n<meta name=\"robots\" content=\"index, follow, max-snippet:-1, max-image-preview:large, max-video-preview:-1\" \/>\n<link rel=\"canonical\" href=\"https:\/\/www.elementonatural.com\/es\/terms-conditions\/\" \/>\n<meta property=\"og:locale\" content=\"es_ES\" \/>\n<meta property=\"og:type\" content=\"article\" \/>\n<meta property=\"og:title\" content=\"Terms &amp; Conditions\" \/>\n<meta property=\"og:description\" content=\"These are the general terms and conditions that we follow in each of our agreements. \u00a0 RESERVATIONS You can make your reservations directly with us via email or using the reservation form included in the website. We will then contact you to send you a draft and\/or verify all the details of your trip. Once [&hellip;]\" \/>\n<meta property=\"og:url\" content=\"https:\/\/www.elementonatural.com\/es\/terms-conditions\/\" \/>\n<meta property=\"og:site_name\" content=\"Elemento Natural\" \/>\n<meta property=\"article:modified_time\" content=\"2025-04-24T20:14:27+00:00\" \/>\n<meta name=\"twitter:card\" content=\"summary_large_image\" \/>\n<meta name=\"twitter:label1\" content=\"Est. reading time\" \/>\n\t<meta name=\"twitter:data1\" content=\"3 minutos\" \/>\n<!-- \/ Yoast SEO Premium plugin. -->","yoast_head_json":{"title":"Terms & Conditions - Elemento Natural","robots":{"index":"index","follow":"follow","max-snippet":"max-snippet:-1","max-image-preview":"max-image-preview:large","max-video-preview":"max-video-preview:-1"},"canonical":"https:\/\/www.elementonatural.com\/es\/terms-conditions\/","og_locale":"es_ES","og_type":"article","og_title":"Terms & Conditions","og_description":"These are the general terms and conditions that we follow in each of our agreements. \u00a0 RESERVATIONS You can make your reservations directly with us via email or using the reservation form included in the website. We will then contact you to send you a draft and\/or verify all the details of your trip. Once [&hellip;]","og_url":"https:\/\/www.elementonatural.com\/es\/terms-conditions\/","og_site_name":"Elemento Natural","article_modified_time":"2025-04-24T20:14:27+00:00","twitter_card":"summary_large_image","twitter_misc":{"Est. reading time":"3 minutos"},"schema":{"@context":"https:\/\/schema.org","@graph":[{"@type":"WebPage","@id":"https:\/\/www.elementonatural.com\/terms-conditions\/","url":"https:\/\/www.elementonatural.com\/terms-conditions\/","name":"Terms & Conditions - Elemento Natural","isPartOf":{"@id":"https:\/\/www.elementonatural.com\/#website"},"datePublished":"2024-08-19T01:37:32+00:00","dateModified":"2025-04-24T20:14:27+00:00","breadcrumb":{"@id":"https:\/\/www.elementonatural.com\/terms-conditions\/#breadcrumb"},"inLanguage":"es-CR","potentialAction":[{"@type":"ReadAction","target":["https:\/\/www.elementonatural.com\/terms-conditions\/"]}]},{"@type":"BreadcrumbList","@id":"https:\/\/www.elementonatural.com\/terms-conditions\/#breadcrumb","itemListElement":[{"@type":"ListItem","position":1,"name":"Home","item":"https:\/\/www.elementonatural.com\/"},{"@type":"ListItem","position":2,"name":"Terms &#038; Conditions"}]},{"@type":"WebSite","@id":"https:\/\/www.elementonatural.com\/#website","url":"https:\/\/www.elementonatural.com\/","name":"Elemento Natural","description":"Travel Agency - Costa Rica","publisher":{"@id":"https:\/\/www.elementonatural.com\/#organization"},"potentialAction":[{"@type":"SearchAction","target":{"@type":"EntryPoint","urlTemplate":"https:\/\/www.elementonatural.com\/?s={search_term_string}"},"query-input":{"@type":"PropertyValueSpecification","valueRequired":true,"valueName":"search_term_string"}}],"inLanguage":"es-CR"},{"@type":"Organization","@id":"https:\/\/www.elementonatural.com\/#organization","name":"Elemento Natural","url":"https:\/\/www.elementonatural.com\/","logo":{"@type":"ImageObject","inLanguage":"es-CR","@id":"https:\/\/www.elementonatural.com\/#\/schema\/logo\/image\/","url":"https:\/\/www.elementonatural.com\/wp-content\/uploads\/2024\/08\/logo-elemento-natural.png","contentUrl":"https:\/\/www.elementonatural.com\/wp-content\/uploads\/2024\/08\/logo-elemento-natural.png","width":860,"height":280,"caption":"Elemento Natural"},"image":{"@id":"https:\/\/www.elementonatural.com\/#\/schema\/logo\/image\/"}}]}},"_links":{"self":[{"href":"https:\/\/www.elementonatural.com\/es\/wp-json\/wp\/v2\/pages\/10","targetHints":{"allow":["GET"]}}],"collection":[{"href":"https:\/\/www.elementonatural.com\/es\/wp-json\/wp\/v2\/pages"}],"about":[{"href":"https:\/\/www.elementonatural.com\/es\/wp-json\/wp\/v2\/types\/page"}],"author":[{"embeddable":true,"href":"https:\/\/www.elementonatural.com\/es\/wp-json\/wp\/v2\/users\/1"}],"replies":[{"embeddable":true,"href":"https:\/\/www.elementonatural.com\/es\/wp-json\/wp\/v2\/comments?post=10"}],"version-history":[{"count":4,"href":"https:\/\/www.elementonatural.com\/es\/wp-json\/wp\/v2\/pages\/10\/revisions"}],"predecessor-version":[{"id":11850,"href":"https:\/\/www.elementonatural.com\/es\/wp-json\/wp\/v2\/pages\/10\/revisions\/11850"}],"wp:attachment":[{"href":"https:\/\/www.elementonatural.com\/es\/wp-json\/wp\/v2\/media?parent=10"}],"curies":[{"name":"wp","href":"https:\/\/api.w.org\/{rel}","templated":true}]}}