{"id":11358,"date":"2024-09-25T07:48:29","date_gmt":"2024-09-25T13:48:29","guid":{"rendered":"https:\/\/www.elementonatural.com\/?page_id=11358"},"modified":"2025-01-17T22:05:07","modified_gmt":"2025-01-18T04:05:07","slug":"quote","status":"publish","type":"page","link":"https:\/\/www.elementonatural.com\/es\/quote\/","title":{"rendered":"Cotizar"},"content":{"rendered":"<div data-elementor-type=\"wp-page\" data-elementor-id=\"11358\" class=\"elementor elementor-11358\" data-elementor-post-type=\"page\">\n\t\t\t\t\t\t<div class=\"elementor-section elementor-top-section elementor-element elementor-element-ba60d02 elementor-section-stretched elementor-section-boxed elementor-section-height-default elementor-section-height-default\" data-id=\"ba60d02\" data-element_type=\"section\" data-e-type=\"section\" data-settings=\"{&quot;stretch_section&quot;:&quot;section-stretched&quot;,&quot;background_background&quot;:&quot;classic&quot;}\">\n\t\t\t\t\t\t<div class=\"elementor-container elementor-column-gap-no\">\n\t\t\t\t\t<div class=\"elementor-column elementor-col-50 elementor-top-column elementor-element elementor-element-4c2fee1\" data-id=\"4c2fee1\" data-element_type=\"column\" data-e-type=\"column\">\n\t\t\t<div class=\"elementor-widget-wrap elementor-element-populated\">\n\t\t\t\t\t\t<div class=\"elementor-element elementor-element-bbf83b1 elementor-widget elementor-widget-heading\" data-id=\"bbf83b1\" data-element_type=\"widget\" data-e-type=\"widget\" data-widget_type=\"heading.default\">\n\t\t\t\t<div class=\"elementor-widget-container\">\n\t\t\t\t\t<h2 class=\"elementor-heading-title elementor-size-default\">Solicitar cotizaci\u00f3n<\/h2>\t\t\t\t<\/div>\n\t\t\t\t<\/div>\n\t\t\t\t<div class=\"elementor-element elementor-element-68540e9 elementor-widget__width-inherit elementor-widget elementor-widget-text-editor\" data-id=\"68540e9\" data-element_type=\"widget\" data-e-type=\"widget\" data-widget_type=\"text-editor.default\">\n\t\t\t\t<div class=\"elementor-widget-container\">\n\t\t\t\t\t\t\t\t\t<p>En Elemento Natural creemos que cada viaje debe ser \u00fanico y adaptado a tus necesidades y deseos. Para ofrecerte la mejor experiencia posible, te invitamos a solicitar una cotizaci\u00f3n personalizada. Nuestro equipo de expertos locales trabajar\u00e1 contigo para dise\u00f1ar el itinerario perfecto que se ajuste a tus intereses y presupuesto.<\/p>\t\t\t\t\t\t\t\t<\/div>\n\t\t\t\t<\/div>\n\t\t\t\t<div class=\"elementor-element elementor-element-e145737 elementor-widget__width-inherit elementor-widget elementor-widget-text-editor\" data-id=\"e145737\" data-element_type=\"widget\" data-e-type=\"widget\" data-widget_type=\"text-editor.default\">\n\t\t\t\t<div class=\"elementor-widget-container\">\n\t\t\t\t\t\t\t\t\t<h2>C\u00f3mo funciona:<\/h2><ol><li><strong>Complete el formulario<\/strong>: proporci\u00f3nenos algunos detalles sobre su viaje ideal. Ind\u00edquenos sus destinos preferidos, actividades de inter\u00e9s, fechas de viaje y cualquier otra preferencia que pueda tener.<br \/><br \/><\/li><li><strong>Personalizaci\u00f3n<\/strong>: Bas\u00e1ndose en su informaci\u00f3n, nuestros expertos crear\u00e1n un itinerario personalizado y una cotizaci\u00f3n detallada.<br \/><br \/><\/li><li><strong>Revisi\u00f3n y ajustes<\/strong>: Le enviaremos la cotizaci\u00f3n y el itinerario propuesto para que los revise. Estamos aqu\u00ed para hacer los ajustes necesarios hasta que est\u00e9 completamente satisfecho.<br \/><br \/><\/li><li><strong>Reserva<\/strong>: Once you approve the quote, we\u2019ll proceed with booking all services and provide you with all the necessary information for your trip.<\/li><\/ol>\t\t\t\t\t\t\t\t<\/div>\n\t\t\t\t<\/div>\n\t\t\t\t<div class=\"elementor-element elementor-element-d861108 elementor-widget elementor-widget-image\" data-id=\"d861108\" data-element_type=\"widget\" data-e-type=\"widget\" data-widget_type=\"image.default\">\n\t\t\t\t<div class=\"elementor-widget-container\">\n\t\t\t\t\t\t\t\t\t\t\t\t\t\t\t<img fetchpriority=\"high\" decoding=\"async\" width=\"937\" height=\"1024\" src=\"https:\/\/www.elementonatural.com\/wp-content\/uploads\/2024\/10\/quote-937x1024.jpg\" class=\"attachment-large size-large wp-image-11500\" alt=\"\" srcset=\"https:\/\/www.elementonatural.com\/wp-content\/uploads\/2024\/10\/quote-937x1024.jpg 937w, https:\/\/www.elementonatural.com\/wp-content\/uploads\/2024\/10\/quote-275x300.jpg 275w, https:\/\/www.elementonatural.com\/wp-content\/uploads\/2024\/10\/quote-768x839.jpg 768w, https:\/\/www.elementonatural.com\/wp-content\/uploads\/2024\/10\/quote-412x450.jpg 412w, https:\/\/www.elementonatural.com\/wp-content\/uploads\/2024\/10\/quote.jpg 1100w\" sizes=\"(max-width: 937px) 100vw, 937px\" \/>\t\t\t\t\t\t\t\t\t\t\t\t\t\t\t<\/div>\n\t\t\t\t<\/div>\n\t\t\t\t\t<\/div>\n\t\t<\/div>\n\t\t\t\t<div class=\"elementor-column elementor-col-50 elementor-top-column elementor-element elementor-element-f6ce288\" data-id=\"f6ce288\" data-element_type=\"column\" data-e-type=\"column\" data-settings=\"{&quot;background_background&quot;:&quot;classic&quot;}\">\n\t\t\t<div class=\"elementor-widget-wrap elementor-element-populated\">\n\t\t\t\t\t\t<div class=\"elementor-element elementor-element-2f65f4a elementor-widget__width-initial elementor-widget elementor-widget-image\" data-id=\"2f65f4a\" data-element_type=\"widget\" data-e-type=\"widget\" data-widget_type=\"image.default\">\n\t\t\t\t<div class=\"elementor-widget-container\">\n\t\t\t\t\t\t\t\t\t\t\t\t\t\t\t<img decoding=\"async\" width=\"860\" height=\"280\" src=\"https:\/\/www.elementonatural.com\/wp-content\/uploads\/2024\/08\/logo-elemento-natural.png\" class=\"attachment-large size-large wp-image-11004\" alt=\"\" srcset=\"https:\/\/www.elementonatural.com\/wp-content\/uploads\/2024\/08\/logo-elemento-natural.png 860w, https:\/\/www.elementonatural.com\/wp-content\/uploads\/2024\/08\/logo-elemento-natural-300x98.png 300w, https:\/\/www.elementonatural.com\/wp-content\/uploads\/2024\/08\/logo-elemento-natural-768x250.png 768w\" sizes=\"(max-width: 860px) 100vw, 860px\" \/>\t\t\t\t\t\t\t\t\t\t\t\t\t\t\t<\/div>\n\t\t\t\t<\/div>\n\t\t\t\t<div class=\"elementor-element elementor-element-ea152d8 elementor-button-align-start elementor-mobile-button-align-center elementor-widget elementor-widget-form\" data-id=\"ea152d8\" data-element_type=\"widget\" data-e-type=\"widget\" data-settings=\"{&quot;step_next_label&quot;:&quot;Next&quot;,&quot;step_previous_label&quot;:&quot;Previous&quot;,&quot;button_width&quot;:&quot;100&quot;,&quot;step_type&quot;:&quot;number_text&quot;,&quot;step_icon_shape&quot;:&quot;circle&quot;}\" data-widget_type=\"form.default\">\n\t\t\t\t<div class=\"elementor-widget-container\">\n\t\t\t\t\t\t\t<form class=\"elementor-form\" method=\"post\" name=\"New Form\" action=\"\">\n\t\t\t<input type=\"hidden\" name=\"post_id\" value=\"11358\"\/>\n\t\t\t<input type=\"hidden\" name=\"form_id\" value=\"ea152d8\"\/>\n\t\t\t<input type=\"hidden\" name=\"referer_title\" value=\"Elemento Natural\" \/>\n\n\t\t\t\n\t\t\t<div class=\"elementor-form-fields-wrapper elementor-labels-above\">\n\t\t\t\t\t\t\t\t<div class=\"elementor-field-type-text elementor-field-group elementor-column elementor-field-group-name elementor-col-100\">\n\t\t\t\t\t\t\t\t\t\t\t\t<label for=\"form-field-name\" class=\"elementor-field-label\">\n\t\t\t\t\t\t\t\tNombre *\t\t\t\t\t\t\t<\/label>\n\t\t\t\t\t\t\t\t\t\t\t\t\t\t<input size=\"1\" type=\"text\" name=\"form_fields[name]\" id=\"form-field-name\" class=\"elementor-field elementor-size-sm  elementor-field-textual\" placeholder=\"Nombre *\">\n\t\t\t\t\t\t\t\t\t\t\t<\/div>\n\t\t\t\t\t\t\t\t<div class=\"elementor-field-type-email elementor-field-group elementor-column elementor-field-group-email elementor-col-100 elementor-field-required\">\n\t\t\t\t\t\t\t\t\t\t\t\t<label for=\"form-field-email\" class=\"elementor-field-label\">\n\t\t\t\t\t\t\t\tCorreo Electr\u00f3nico*\t\t\t\t\t\t\t<\/label>\n\t\t\t\t\t\t\t\t\t\t\t\t\t\t<input size=\"1\" type=\"email\" name=\"form_fields[email]\" id=\"form-field-email\" class=\"elementor-field elementor-size-sm  elementor-field-textual\" placeholder=\"Correo Electr\u00f3nico*\" required=\"required\" aria-required=\"true\">\n\t\t\t\t\t\t\t\t\t\t\t<\/div>\n\t\t\t\t\t\t\t\t<div class=\"elementor-field-type-text elementor-field-group elementor-column elementor-field-group-field_5cbc06e elementor-col-100 elementor-field-required\">\n\t\t\t\t\t\t\t\t\t\t\t\t<label for=\"form-field-field_5cbc06e\" class=\"elementor-field-label\">\n\t\t\t\t\t\t\t\tTel\u00e9fono*\t\t\t\t\t\t\t<\/label>\n\t\t\t\t\t\t\t\t\t\t\t\t\t\t<input size=\"1\" type=\"text\" name=\"form_fields[field_5cbc06e]\" id=\"form-field-field_5cbc06e\" class=\"elementor-field elementor-size-sm  elementor-field-textual\" placeholder=\"Tel\u00e9fono*\" required=\"required\" aria-required=\"true\">\n\t\t\t\t\t\t\t\t\t\t\t<\/div>\n\t\t\t\t\t\t\t\t<div class=\"elementor-field-type-text elementor-field-group elementor-column elementor-field-group-field_ca5e8f2 elementor-col-100 elementor-field-required\">\n\t\t\t\t\t\t\t\t\t\t\t\t<label for=\"form-field-field_ca5e8f2\" class=\"elementor-field-label\">\n\t\t\t\t\t\t\t\tPa\u00eds*\t\t\t\t\t\t\t<\/label>\n\t\t\t\t\t\t\t\t\t\t\t\t\t\t<input size=\"1\" type=\"text\" name=\"form_fields[field_ca5e8f2]\" id=\"form-field-field_ca5e8f2\" class=\"elementor-field elementor-size-sm  elementor-field-textual\" placeholder=\"Pa\u00eds*\" required=\"required\" aria-required=\"true\">\n\t\t\t\t\t\t\t\t\t\t\t<\/div>\n\t\t\t\t\t\t\t\t<div class=\"elementor-field-type-textarea elementor-field-group elementor-column elementor-field-group-message elementor-col-100 elementor-field-required\">\n\t\t\t\t\t\t\t\t\t\t\t\t<label for=\"form-field-message\" class=\"elementor-field-label\">\n\t\t\t\t\t\t\t\t\u00c1reas de inter\u00e9s\t\t\t\t\t\t\t<\/label>\n\t\t\t\t\t\t<textarea class=\"elementor-field-textual elementor-field  elementor-size-sm\" name=\"form_fields[message]\" id=\"form-field-message\" rows=\"3\" placeholder=\"\u00c1reas de inter\u00e9s\" required=\"required\" aria-required=\"true\"><\/textarea>\t\t\t\t<\/div>\n\t\t\t\t\t\t\t\t<div class=\"elementor-field-type-date elementor-field-group elementor-column elementor-field-group-field_103e897 elementor-col-100 elementor-field-required\">\n\t\t\t\t\t\t\t\t\t\t\t\t<label for=\"form-field-field_103e897\" class=\"elementor-field-label\">\n\t\t\t\t\t\t\t\tDates \t\t\t\t\t\t\t<\/label>\n\t\t\t\t\t\t\n\t\t<input type=\"date\" name=\"form_fields[field_103e897]\" id=\"form-field-field_103e897\" class=\"elementor-field elementor-size-sm  elementor-field-textual elementor-date-field\" placeholder=\"De\" required=\"required\" aria-required=\"true\" pattern=\"[0-9]{4}-[0-9]{2}-[0-9]{2}\">\n\t\t\t\t\t\t<\/div>\n\t\t\t\t\t\t\t\t<div class=\"elementor-field-type-date elementor-field-group elementor-column elementor-field-group-field_472c449 elementor-col-100 elementor-field-required\">\n\t\t\t\t\t\t\t\t\t\t\t\t<label for=\"form-field-field_472c449\" class=\"elementor-field-label\">\n\t\t\t\t\t\t\t\t \t\t\t\t\t\t\t<\/label>\n\t\t\t\t\t\t\n\t\t<input type=\"date\" name=\"form_fields[field_472c449]\" id=\"form-field-field_472c449\" class=\"elementor-field elementor-size-sm  elementor-field-textual elementor-date-field\" placeholder=\"a\" required=\"required\" aria-required=\"true\" pattern=\"[0-9]{4}-[0-9]{2}-[0-9]{2}\">\n\t\t\t\t\t\t<\/div>\n\t\t\t\t\t\t\t\t<div class=\"elementor-field-type-select elementor-field-group elementor-column elementor-field-group-field_6d95bfd elementor-col-100 elementor-field-required\">\n\t\t\t\t\t\t\t\t\t\t\t\t<label for=\"form-field-field_6d95bfd\" class=\"elementor-field-label\">\n\t\t\t\t\t\t\t\tPresupuesto \t\t\t\t\t\t\t<\/label>\n\t\t\t\t\t\t\t\t<div class=\"elementor-field elementor-select-wrapper remove-before\">\n\t\t\t<div class=\"select-caret-down-wrapper\">\n\t\t\t\t<i aria-hidden=\"true\" class=\"eicon-caret-down\"><\/i>\t\t\t<\/div>\n\t\t\t<select name=\"form_fields[field_6d95bfd]\" id=\"form-field-field_6d95bfd\" class=\"elementor-field-textual elementor-size-sm\" required=\"required\" aria-required=\"true\">\n\t\t\t\t\t\t\t\t\t<option value=\"Standard\">Est\u00e1ndar<\/option>\n\t\t\t\t\t\t\t\t\t<option value=\"Comfort\">Comodidad<\/option>\n\t\t\t\t\t\t\t\t\t<option value=\"Luxury\">Lujo<\/option>\n\t\t\t\t\t\t\t<\/select>\n\t\t<\/div>\n\t\t\t\t\t\t<\/div>\n\t\t\t\t\t\t\t\t<div class=\"elementor-field-type-html elementor-field-group elementor-column elementor-field-group-field_cf1c34b elementor-col-100\">\n\t\t\t\t\tN\u00famero de viajeros \t\t\t\t<\/div>\n\t\t\t\t\t\t\t\t<div class=\"elementor-field-type-number elementor-field-group elementor-column elementor-field-group-field_b8044fb elementor-col-50 elementor-field-required\">\n\t\t\t\t\t\t\t\t\t\t\t\t<label for=\"form-field-field_b8044fb\" class=\"elementor-field-label\">\n\t\t\t\t\t\t\t\tAdultos\t\t\t\t\t\t\t<\/label>\n\t\t\t\t\t\t\t\t\t<input type=\"number\" name=\"form_fields[field_b8044fb]\" id=\"form-field-field_b8044fb\" class=\"elementor-field elementor-size-sm  elementor-field-textual\" placeholder=\"Adultos\" required=\"required\" aria-required=\"true\" min=\"\" max=\"\" >\n\t\t\t\t\t\t<\/div>\n\t\t\t\t\t\t\t\t<div class=\"elementor-field-type-number elementor-field-group elementor-column elementor-field-group-field_6836bda elementor-col-50 elementor-field-required\">\n\t\t\t\t\t\t\t\t\t\t\t\t<label for=\"form-field-field_6836bda\" class=\"elementor-field-label\">\n\t\t\t\t\t\t\t\tMenores\t\t\t\t\t\t\t<\/label>\n\t\t\t\t\t\t\t\t\t<input type=\"number\" name=\"form_fields[field_6836bda]\" id=\"form-field-field_6836bda\" class=\"elementor-field elementor-size-sm  elementor-field-textual\" placeholder=\"0 - 11 a\u00f1os\" required=\"required\" aria-required=\"true\" min=\"\" max=\"\" >\n\t\t\t\t\t\t<\/div>\n\t\t\t\t\t\t\t\t<div class=\"elementor-field-type-textarea elementor-field-group elementor-column elementor-field-group-field_eb1425f elementor-col-100\">\n\t\t\t\t\t\t\t\t\t\t\t\t<label for=\"form-field-field_eb1425f\" class=\"elementor-field-label\">\n\t\t\t\t\t\t\t\tMensaje\t\t\t\t\t\t\t<\/label>\n\t\t\t\t\t\t<textarea class=\"elementor-field-textual elementor-field  elementor-size-sm\" name=\"form_fields[field_eb1425f]\" id=\"form-field-field_eb1425f\" rows=\"3\" placeholder=\"Mensaje\"><\/textarea>\t\t\t\t<\/div>\n\t\t\t\t\t\t\t\t<div class=\"elementor-field-type-recaptcha elementor-field-group elementor-column elementor-field-group-field_12d0b2a elementor-col-100\">\n\t\t\t\t\t<div class=\"elementor-field\" id=\"form-field-field_12d0b2a\"><div class=\"elementor-g-recaptcha\" data-sitekey=\"6LevNbsqAAAAAFCnhIeAwanbxy_vdCchhFBvKw3h\" data-type=\"v2_checkbox\" data-theme=\"light\" data-size=\"normal\"><\/div><\/div>\t\t\t\t<\/div>\n\t\t\t\t\t\t\t\t<div class=\"elementor-field-group elementor-column elementor-field-type-submit elementor-col-100 e-form__buttons\">\n\t\t\t\t\t<button class=\"elementor-button elementor-size-sm\" type=\"submit\">\n\t\t\t\t\t\t<span class=\"elementor-button-content-wrapper\">\n\t\t\t\t\t\t\t\t\t\t\t\t\t\t\t\t\t\t\t\t\t\t<span class=\"elementor-button-text\">Enviar<\/span>\n\t\t\t\t\t\t\t\t\t\t\t\t\t<\/span>\n\t\t\t\t\t<\/button>\n\t\t\t\t<\/div>\n\t\t\t<\/div>\n\t\t<input type=\"hidden\" name=\"trp-form-language\" value=\"es\"\/><\/form>\n\t\t\t\t\t\t<\/div>\n\t\t\t\t<\/div>\n\t\t\t\t\t<\/div>\n\t\t<\/div>\n\t\t\t\t\t<\/div>\n\t\t<\/div>\n\t\t\t\t<section class=\"elementor-section elementor-top-section elementor-element elementor-element-6201e88 elementor-section-boxed elementor-section-height-default elementor-section-height-default\" data-id=\"6201e88\" data-element_type=\"section\" data-e-type=\"section\">\n\t\t\t\t\t\t<div class=\"elementor-container elementor-column-gap-default\">\n\t\t\t\t\t<div class=\"elementor-column elementor-col-100 elementor-top-column elementor-element elementor-element-8af5015\" data-id=\"8af5015\" data-element_type=\"column\" data-e-type=\"column\">\n\t\t\t<div class=\"elementor-widget-wrap elementor-element-populated\">\n\t\t\t\t\t\t<div class=\"elementor-section elementor-inner-section elementor-element elementor-element-1038453 elementor-section-height-min-height elementor-section-content-middle elementor-section-boxed elementor-section-height-default\" data-id=\"1038453\" data-element_type=\"section\" data-e-type=\"section\" data-settings=\"{&quot;background_background&quot;:&quot;classic&quot;}\">\n\t\t\t\t\t\t\t<div class=\"elementor-background-overlay\"><\/div>\n\t\t\t\t\t\t\t<div class=\"elementor-container elementor-column-gap-no\">\n\t\t\t\t\t<div class=\"elementor-column elementor-col-50 elementor-inner-column elementor-element elementor-element-2054a2e\" data-id=\"2054a2e\" data-element_type=\"column\" data-e-type=\"column\">\n\t\t\t<div class=\"elementor-widget-wrap elementor-element-populated\">\n\t\t\t\t\t\t<div class=\"elementor-element elementor-element-ca52c8a elementor-widget__width-inherit elementor-widget elementor-widget-heading\" data-id=\"ca52c8a\" data-element_type=\"widget\" data-e-type=\"widget\" data-widget_type=\"heading.default\">\n\t\t\t\t<div class=\"elementor-widget-container\">\n\t\t\t\t\t<h2 class=\"elementor-heading-title elementor-size-default\">Contacte con nuestros expertos<\/h2>\t\t\t\t<\/div>\n\t\t\t\t<\/div>\n\t\t\t\t<div class=\"elementor-element elementor-element-6e4b8f1 elementor-widget elementor-widget-text-editor\" data-id=\"6e4b8f1\" data-element_type=\"widget\" data-e-type=\"widget\" data-widget_type=\"text-editor.default\">\n\t\t\t\t<div class=\"elementor-widget-container\">\n\t\t\t\t\t\t\t\t\t<p>Si prefiere hablar directamente con uno de nuestros agentes, no dude en llamarnos al <strong>+506 83263727<\/strong> o enviarnos un correo electr\u00f3nico a <strong><a href=\"mailto:info@elementonatural.com\">info@elementonatural.com<\/a><\/strong><\/p>\t\t\t\t\t\t\t\t<\/div>\n\t\t\t\t<\/div>\n\t\t\t\t\t<\/div>\n\t\t<\/div>\n\t\t\t\t<div class=\"elementor-column elementor-col-50 elementor-inner-column elementor-element elementor-element-41e47a3\" data-id=\"41e47a3\" data-element_type=\"column\" data-e-type=\"column\">\n\t\t\t<div class=\"elementor-widget-wrap\">\n\t\t\t\t\t\t\t<\/div>\n\t\t<\/div>\n\t\t\t\t\t<\/div>\n\t\t<\/div>\n\t\t\t\t\t<\/div>\n\t\t<\/div>\n\t\t\t\t\t<\/div>\n\t\t<\/section>\n\t\t\t\t<\/div>","protected":false},"excerpt":{"rendered":"<p>Request a Quote At Elemento Natural, we believe every trip should be unique and tailored to your needs and desires. To offer you the best experience possible, we invite you to request a personalized quote. Our team of local experts will work with you to design the perfect itinerary that matches your interests and budget. [&hellip;]<\/p>","protected":false},"author":1,"featured_media":0,"parent":0,"menu_order":0,"comment_status":"closed","ping_status":"closed","template":"elementor_header_footer","meta":{"footnotes":""},"class_list":["post-11358","page","type-page","status-publish","hentry"],"yoast_head":"<!-- This site is optimized with the Yoast SEO Premium plugin v24.2 (Yoast SEO v27.3) - https:\/\/yoast.com\/product\/yoast-seo-premium-wordpress\/ -->\n<title>Quote - Elemento Natural<\/title>\n<meta name=\"description\" content=\"At Elemento Natural, we believe every trip should be unique and tailored to your needs and desires. To offer you the best experience possible, we invite you to request a personalized quote.\" \/>\n<meta name=\"robots\" content=\"index, follow, max-snippet:-1, max-image-preview:large, max-video-preview:-1\" \/>\n<link rel=\"canonical\" href=\"https:\/\/www.elementonatural.com\/es\/quote\/\" \/>\n<meta property=\"og:locale\" content=\"es_ES\" \/>\n<meta property=\"og:type\" content=\"article\" \/>\n<meta property=\"og:title\" content=\"Quote\" \/>\n<meta property=\"og:description\" content=\"At Elemento Natural, we believe every trip should be unique and tailored to your needs and desires. To offer you the best experience possible, we invite you to request a personalized quote.\" \/>\n<meta property=\"og:url\" content=\"https:\/\/www.elementonatural.com\/es\/quote\/\" \/>\n<meta property=\"og:site_name\" content=\"Elemento Natural\" \/>\n<meta property=\"article:modified_time\" content=\"2025-01-18T04:05:07+00:00\" \/>\n<meta property=\"og:image\" content=\"https:\/\/www.elementonatural.com\/wp-content\/uploads\/2024\/10\/quote.jpg\" \/>\n\t<meta property=\"og:image:width\" content=\"1100\" \/>\n\t<meta property=\"og:image:height\" content=\"1202\" \/>\n\t<meta property=\"og:image:type\" content=\"image\/jpeg\" \/>\n<meta name=\"twitter:card\" content=\"summary_large_image\" \/>\n<meta name=\"twitter:label1\" content=\"Est. reading time\" \/>\n\t<meta name=\"twitter:data1\" content=\"2 minutos\" \/>\n<!-- \/ Yoast SEO Premium plugin. -->","yoast_head_json":{"title":"Quote - Elemento Natural","description":"At Elemento Natural, we believe every trip should be unique and tailored to your needs and desires. To offer you the best experience possible, we invite you to request a personalized quote.","robots":{"index":"index","follow":"follow","max-snippet":"max-snippet:-1","max-image-preview":"max-image-preview:large","max-video-preview":"max-video-preview:-1"},"canonical":"https:\/\/www.elementonatural.com\/es\/quote\/","og_locale":"es_ES","og_type":"article","og_title":"Quote","og_description":"At Elemento Natural, we believe every trip should be unique and tailored to your needs and desires. To offer you the best experience possible, we invite you to request a personalized quote.","og_url":"https:\/\/www.elementonatural.com\/es\/quote\/","og_site_name":"Elemento Natural","article_modified_time":"2025-01-18T04:05:07+00:00","og_image":[{"width":1100,"height":1202,"url":"https:\/\/www.elementonatural.com\/wp-content\/uploads\/2024\/10\/quote.jpg","type":"image\/jpeg"}],"twitter_card":"summary_large_image","twitter_misc":{"Est. reading time":"2 minutos"},"schema":{"@context":"https:\/\/schema.org","@graph":[{"@type":"WebPage","@id":"https:\/\/www.elementonatural.com\/quote\/","url":"https:\/\/www.elementonatural.com\/quote\/","name":"Quote - Elemento Natural","isPartOf":{"@id":"https:\/\/www.elementonatural.com\/#website"},"primaryImageOfPage":{"@id":"https:\/\/www.elementonatural.com\/quote\/#primaryimage"},"image":{"@id":"https:\/\/www.elementonatural.com\/quote\/#primaryimage"},"thumbnailUrl":"https:\/\/www.elementonatural.com\/wp-content\/uploads\/2024\/10\/quote-937x1024.jpg","datePublished":"2024-09-25T13:48:29+00:00","dateModified":"2025-01-18T04:05:07+00:00","description":"At Elemento Natural, we believe every trip should be unique and tailored to your needs and desires. To offer you the best experience possible, we invite you to request a personalized quote.","breadcrumb":{"@id":"https:\/\/www.elementonatural.com\/quote\/#breadcrumb"},"inLanguage":"es-CR","potentialAction":[{"@type":"ReadAction","target":["https:\/\/www.elementonatural.com\/quote\/"]}]},{"@type":"ImageObject","inLanguage":"es-CR","@id":"https:\/\/www.elementonatural.com\/quote\/#primaryimage","url":"https:\/\/www.elementonatural.com\/wp-content\/uploads\/2024\/10\/quote-937x1024.jpg","contentUrl":"https:\/\/www.elementonatural.com\/wp-content\/uploads\/2024\/10\/quote-937x1024.jpg"},{"@type":"BreadcrumbList","@id":"https:\/\/www.elementonatural.com\/quote\/#breadcrumb","itemListElement":[{"@type":"ListItem","position":1,"name":"Home","item":"https:\/\/www.elementonatural.com\/"},{"@type":"ListItem","position":2,"name":"Quote"}]},{"@type":"WebSite","@id":"https:\/\/www.elementonatural.com\/#website","url":"https:\/\/www.elementonatural.com\/","name":"Elemento Natural","description":"Travel Agency - Costa Rica","publisher":{"@id":"https:\/\/www.elementonatural.com\/#organization"},"potentialAction":[{"@type":"SearchAction","target":{"@type":"EntryPoint","urlTemplate":"https:\/\/www.elementonatural.com\/?s={search_term_string}"},"query-input":{"@type":"PropertyValueSpecification","valueRequired":true,"valueName":"search_term_string"}}],"inLanguage":"es-CR"},{"@type":"Organization","@id":"https:\/\/www.elementonatural.com\/#organization","name":"Elemento Natural","url":"https:\/\/www.elementonatural.com\/","logo":{"@type":"ImageObject","inLanguage":"es-CR","@id":"https:\/\/www.elementonatural.com\/#\/schema\/logo\/image\/","url":"https:\/\/www.elementonatural.com\/wp-content\/uploads\/2024\/08\/logo-elemento-natural.png","contentUrl":"https:\/\/www.elementonatural.com\/wp-content\/uploads\/2024\/08\/logo-elemento-natural.png","width":860,"height":280,"caption":"Elemento Natural"},"image":{"@id":"https:\/\/www.elementonatural.com\/#\/schema\/logo\/image\/"}}]}},"_links":{"self":[{"href":"https:\/\/www.elementonatural.com\/es\/wp-json\/wp\/v2\/pages\/11358","targetHints":{"allow":["GET"]}}],"collection":[{"href":"https:\/\/www.elementonatural.com\/es\/wp-json\/wp\/v2\/pages"}],"about":[{"href":"https:\/\/www.elementonatural.com\/es\/wp-json\/wp\/v2\/types\/page"}],"author":[{"embeddable":true,"href":"https:\/\/www.elementonatural.com\/es\/wp-json\/wp\/v2\/users\/1"}],"replies":[{"embeddable":true,"href":"https:\/\/www.elementonatural.com\/es\/wp-json\/wp\/v2\/comments?post=11358"}],"version-history":[{"count":10,"href":"https:\/\/www.elementonatural.com\/es\/wp-json\/wp\/v2\/pages\/11358\/revisions"}],"predecessor-version":[{"id":11840,"href":"https:\/\/www.elementonatural.com\/es\/wp-json\/wp\/v2\/pages\/11358\/revisions\/11840"}],"wp:attachment":[{"href":"https:\/\/www.elementonatural.com\/es\/wp-json\/wp\/v2\/media?parent=11358"}],"curies":[{"name":"wp","href":"https:\/\/api.w.org\/{rel}","templated":true}]}}