{"id":11476,"date":"2024-10-26T10:13:40","date_gmt":"2024-10-26T16:13:40","guid":{"rendered":"https:\/\/www.elementonatural.com\/?page_id=11476"},"modified":"2025-01-13T20:10:15","modified_gmt":"2025-01-14T02:10:15","slug":"sustainability","status":"publish","type":"page","link":"https:\/\/www.elementonatural.com\/es\/sustainability\/","title":{"rendered":"Sostenibilidad"},"content":{"rendered":"<div data-elementor-type=\"wp-page\" data-elementor-id=\"11476\" class=\"elementor elementor-11476\" data-elementor-post-type=\"page\">\n\t\t\t\t\t\t<div class=\"elementor-section elementor-top-section elementor-element elementor-element-8c8c065 elementor-section-height-min-height elementor-section-stretched elementor-section-boxed elementor-section-height-default elementor-section-items-middle\" data-id=\"8c8c065\" data-element_type=\"section\" data-settings=\"{&quot;stretch_section&quot;:&quot;section-stretched&quot;,&quot;background_background&quot;:&quot;classic&quot;}\">\n\t\t\t\t\t\t\t<div class=\"elementor-background-overlay\"><\/div>\n\t\t\t\t\t\t\t<div class=\"elementor-container elementor-column-gap-no\">\n\t\t\t\t\t<div class=\"elementor-column elementor-col-100 elementor-top-column elementor-element elementor-element-e7c79c9\" data-id=\"e7c79c9\" data-element_type=\"column\">\n\t\t\t<div class=\"elementor-widget-wrap elementor-element-populated\">\n\t\t\t\t\t\t<div class=\"elementor-element elementor-element-56ddb65 elementor-widget elementor-widget-heading\" data-id=\"56ddb65\" data-element_type=\"widget\" data-settings=\"{&quot;motion_fx_motion_fx_scrolling&quot;:&quot;yes&quot;,&quot;motion_fx_translateX_effect&quot;:&quot;yes&quot;,&quot;motion_fx_translateX_speed&quot;:{&quot;unit&quot;:&quot;px&quot;,&quot;size&quot;:2,&quot;sizes&quot;:[]},&quot;motion_fx_translateX_direction&quot;:&quot;negative&quot;,&quot;motion_fx_translateX_affectedRange&quot;:{&quot;unit&quot;:&quot;%&quot;,&quot;size&quot;:&quot;&quot;,&quot;sizes&quot;:{&quot;start&quot;:0,&quot;end&quot;:100}},&quot;motion_fx_devices&quot;:[&quot;desktop&quot;,&quot;tablet&quot;,&quot;mobile&quot;]}\" data-widget_type=\"heading.default\">\n\t\t\t\t<div class=\"elementor-widget-container\">\n\t\t\t<h1 class=\"elementor-heading-title elementor-size-default\">Sostenibilidad<\/h1>\t\t<\/div>\n\t\t\t\t<\/div>\n\t\t\t\t\t<\/div>\n\t\t<\/div>\n\t\t\t\t\t<\/div>\n\t\t<\/div>\n\t\t\t\t<div class=\"elementor-section elementor-top-section elementor-element elementor-element-b057c37 elementor-section-stretched elementor-section-boxed elementor-section-height-default elementor-section-height-default elementor-invisible\" data-id=\"b057c37\" data-element_type=\"section\" data-settings=\"{&quot;stretch_section&quot;:&quot;section-stretched&quot;,&quot;animation&quot;:&quot;fadeIn&quot;}\">\n\t\t\t\t\t\t<div class=\"elementor-container elementor-column-gap-no\">\n\t\t\t\t\t<div class=\"elementor-column elementor-col-100 elementor-top-column elementor-element elementor-element-3e06728\" data-id=\"3e06728\" data-element_type=\"column\">\n\t\t\t<div class=\"elementor-widget-wrap elementor-element-populated\">\n\t\t\t\t\t\t<div class=\"elementor-element elementor-element-8f7bf07 elementor-widget__width-initial elementor-widget elementor-widget-text-editor\" data-id=\"8f7bf07\" data-element_type=\"widget\" data-widget_type=\"text-editor.default\">\n\t\t\t\t<div class=\"elementor-widget-container\">\n\t\t\t\t\t\t\t<h2>Elemento Natural cuenta con el CST Nivel 3 (Certificado de Sostenibilidad Tur\u00edstica, por el ICT \u2013 Instituto Costarricense de Turismo)<\/h2><h2>Elemento Natural\u2019s sustainability policy<\/h2><p>A continuaci\u00f3n se presenta un resumen de la pol\u00edtica de sostenibilidad de Elemento Natural que nos ayuda a ayudarle a USTED a realizar un viaje responsable y sostenible, cuando visite Costa Rica.<\/p><h2>Visitor Education and Messaging<\/h2><p><strong>1- Identificamos los mensajes clave que necesitamos comunicar a nuestros clientes.<\/strong><br \/>Los valores ambientales, culturales, sociales e hist\u00f3ricos y los puntos de inter\u00e9s que queremos que los visitantes conozcan y aprecien. Por ejemplo, identificando sitios o especies \u00fanicas de importancia para la conservaci\u00f3n, o generando conciencia sobre los programas y proyectos de conservaci\u00f3n actuales en la regi\u00f3n en los que los visitantes pueden participar o apoyar.<\/p><p><strong>2- Investigamos.<\/strong><br \/>Contamos con informaci\u00f3n precisa sobre cada una de las \u00e1reas clave identificadas y verificamos dicha informaci\u00f3n a trav\u00e9s de libros de referencia, revistas cient\u00edficas, documentales, profesionales, personas locales conocedoras o entidades de conservaci\u00f3n o grupos de inter\u00e9s reconocidos.<\/p><p>Brindamos a los visitantes informaci\u00f3n precisa para garantizar que cumplimos con las expectativas del cliente, brindamos una experiencia segura y de alta calidad y mantenemos nuestra reputaci\u00f3n como proveedor de servicios de alta calidad.<\/p><p><strong>3- Entendemos a nuestra audiencia.<\/strong><br \/>Las percepciones, intereses, conocimientos, niveles de habilidad y motivaciones de la audiencia nos ayudar\u00e1n a decidir qu\u00e9 informaci\u00f3n presentar y cu\u00e1l es la mejor manera de hacerlo. Tambi\u00e9n entendemos que nuestros clientes son siempre diferentes y creemos en un turismo accesible para todos.<\/p><p>Obtenemos comentarios y opiniones formales o informales de los clientes durante y despu\u00e9s del recorrido para evaluar la relevancia e idoneidad de los programas de interpretaci\u00f3n.<\/p><p><strong>4- El tama\u00f1o del grupo debe ser manejable y agradable.\u00a0<\/strong>Los grupos de turistas m\u00e1s peque\u00f1os siempre son m\u00e1s f\u00e1ciles de manejar y permiten desarrollar un enfoque m\u00e1s personalizado y personalizado. Tambi\u00e9n facilitan mantener la atenci\u00f3n de los invitados y fomentar el debate y la interacci\u00f3n en grupo.<\/p><p><strong>5- Consultamos con organizaciones de conservaci\u00f3n y turismo<\/strong>, ya que pueden existir medios y materiales que se puedan aplicar f\u00e1cilmente al desarrollo de un programa de interpretaci\u00f3n en cualquier tour determinado.<\/p><h2>Engagement with local communities<\/h2><p><strong>1- Estaremos atentos a cualquier comportamiento<\/strong> e interpretaci\u00f3n inapropiada respecto al patrimonio, la cultura y las personas, para poder evitar sitios sensibles o privados en el recorrido.<\/p><p><strong>2- We keep visitors to defined areas and routes<\/strong> and use shared infrastructure and services in off-peak times to help minimize disturbances to local residents.<\/p><p><strong>3- Alentamos a los visitantes a apoyar a las empresas locales<\/strong>: priorizamos los hoteles y el transporte de propiedad local sobre las empresas multinacionales o extranjeras; recomendamos a nuestros clientes que visiten e interact\u00faen con las comunidades locales tanto como sea posible; les recomendamos que compren productos locales y ecol\u00f3gicos; contratamos gu\u00edas y conductores costarricenses y los compensamos adecuadamente.<\/p><p><strong>4- Brindamos y facilitamos oportunidades para que los turistas<\/strong> to make voluntary donations to support community development projects: we will identify projects and will communicate the description and objectives to the tourists so they know how their contributions are being used.<\/p><h2>Interactuando con la vida silvestre<\/h2><p><strong>1- Mantendremos el tama\u00f1o de los grupos lo m\u00e1s peque\u00f1o posible<\/strong> para evitar perturbar la vida silvestre y las \u00e1reas naturales.<\/p><p><strong>2- Nuestros gu\u00edas consultar\u00e1n con los administradores del parque<\/strong> sobre las normas o las zonas sensibles que no se deben visitar. Las rutas que tomemos ser\u00e1n seguras y reducir\u00e1n el impacto negativo en la vida silvestre: nos aseguraremos de que nuestros grupos permanezcan en los caminos designados.<\/p><p><strong>3- Evitaremos la manipulaci\u00f3n y alimentaci\u00f3n de animales silvestres.<\/strong> Si se requiere manipulaci\u00f3n o alimentaci\u00f3n debido a un proyecto de conservaci\u00f3n, deber\u00e1 seguirse unas pautas adecuadas y ser realizada por personal capacitado o seg\u00fan lo indique el responsable del proyecto.<\/p><h2>Transporte<\/h2><p><strong>1- Consideramos la eficiencia del combustible al comprar veh\u00edculos<\/strong>: minimize fuel consumption or use renewable energy.<\/p><p><strong>2-<\/strong> <strong>Elegimos rutas y horarios <\/strong>que minimicen la congesti\u00f3n y la distancia recorrida.<\/p><p><strong>3- Utilizamos veh\u00edculos con los asientos adecuados o la capacidad de motor <\/strong>requerida para el recorrido espec\u00edfico y el tama\u00f1o del grupo.<\/p><p><strong>4- Instruimos a nuestros conductores a practicar buenas t\u00e9cnicas de conducci\u00f3n<\/strong> para reducir el consumo de gasolina, incluyendo reducir los tiempos de ralent\u00ed, conducir a una velocidad constante y frenar lentamente, utilizando veh\u00edculos de dos ruedas motrices en lugar de cuatro ruedas motrices cuando sea posible.<\/p><h2>Contribuyendo a la conservaci\u00f3n<\/h2><p><strong>1- Utilizamos buenas pr\u00e1cticas de conservaci\u00f3n<\/strong> in areas such as waste management, water and energy use, and the ways that landscapes, habitat and wildlife are utilized in tour activities.<\/p><p><strong>2-<\/strong> <strong>Buscaremos proyectos de conservaci\u00f3n<\/strong> para apoyar directa o indirectamente.<\/p><p><strong>3- Elegimos proveedores responsables<\/strong> que demuestren buenas pr\u00e1cticas ambientales.<\/p><h2>Senderismo y paseos por la naturaleza<\/h2><p><strong>1- Utilizamos \u00fanicamente pistas y sitios establecidos<\/strong> siempre que sea posible; al elegir rutas, no despejamos nuevas \u00e1reas o pistas, para minimizar la erosi\u00f3n y la tala del h\u00e1bitat.<\/p><p><strong>2- Retiraremos toda la basura<\/strong> y residuos que sea posible.<\/p><p><strong>3- Nos aseguraremos de que los riesgos de salud y seguridad<\/strong>, los procedimientos de emergencia y el uso apropiado del equipo de seguridad espec\u00edfico para cada tipo de actividad y entorno, se discutan antes de comenzar cualquier actividad.<\/p><h2>Apoye nuestros esfuerzos para ser un planificador de viajes responsable siguiendo estos consejos<\/h2><h3>Consejos generales<\/h3><p>Nunca dejes basura atr\u00e1s, especialmente si visitas \u00e1reas naturales. Aseg\u00farate de traerla contigo y de desecharla adecuadamente cuando tengas la oportunidad.<\/p><p>Do not damage the natural areas you visit, neither the infrastructure you find in the national parks, the local communities or any other place you visit during your trip.<\/p><p>El turismo es una gran oportunidad para canalizar tu gasto de la forma m\u00e1s responsable: compra en tiendas y restaurantes locales; siempre que puedas, compra productos fabricados localmente.<\/p><p>Si se le indica que lo haga, utilice siempre equipo especial o dispositivos de protecci\u00f3n personal.<\/p><p>Interactuar con las comunidades locales, siendo respetuoso y educado en todo momento.<\/p><p>Don\u2019t take unsolicited pictures to people.<\/p><p>Don\u2019t trespass private property.<\/p><p>Don\u2019t assume locals speak your language: learn and speak as much Spanish as possible to interact with local communities.<\/p><p>Prueba la comida y bebida local: \u00a1har\u00e1 que tu viaje sea m\u00e1s aut\u00e9ntico!<\/p><h3>Interactuando con la vida silvestre<\/h3><p>No haga ruido ni moleste cuando est\u00e9 cerca de la vida silvestre, \u00e1reas de anidaci\u00f3n, reproducci\u00f3n o alimentaci\u00f3n.<\/p><p>Al practicar senderismo en \u00e1reas naturales, no use ropa de colores brillantes: verde, marr\u00f3n y beige son colores ideales para caminar por senderos y parques nacionales.<\/p><p>Permanecer en el camino designado.<\/p><h3>Transporte<\/h3><p>Maximice el tiempo que pasa fuera del veh\u00edculo para incluir caminatas u otras actividades.<\/p><p>Cuando sea posible, utilice medios de transporte alternativos (bicicleta, kayak, paseos a caballo, transporte p\u00fablico).<\/p><h3>Contribuyendo a la conservaci\u00f3n<\/h3><p>NO lleve recuerdos que provengan de especies raras o amenazadas.<\/p><p>Please let us know, your travel agency in Costa Rica, if you want to participate during your tour with us in activities to help the natural areas or local communities, like:<\/p><ul><li>rehabilitaci\u00f3n y revegetaci\u00f3n de \u00e1reas\/sitios tur\u00edsticos;<\/li><li>monitoreo de avistamientos de animales nativos y no nativos o evidencia de su presencia (excrementos, huellas o excavaciones);<\/li><li>Vigilancia y mantenimiento del estado de las pistas\/campings<\/li><li>Recogida y retirada de basura.<\/li><\/ul><p>Preg\u00fantenos c\u00f3mo y d\u00f3nde puede donar para actividades de conservaci\u00f3n.<\/p>\t\t\t\t\t\t<\/div>\n\t\t\t\t<\/div>\n\t\t\t\t\t<\/div>\n\t\t<\/div>\n\t\t\t\t\t<\/div>\n\t\t<\/div>\n\t\t\t\t<div class=\"elementor-section elementor-top-section elementor-element elementor-element-4166e26 elementor-section-stretched elementor-section-boxed elementor-section-height-default elementor-section-height-default\" data-id=\"4166e26\" data-element_type=\"section\" data-settings=\"{&quot;stretch_section&quot;:&quot;section-stretched&quot;,&quot;background_background&quot;:&quot;classic&quot;}\">\n\t\t\t\t\t\t<div class=\"elementor-container elementor-column-gap-no\">\n\t\t\t\t\t<div class=\"elementor-column elementor-col-100 elementor-top-column elementor-element elementor-element-a3a918e\" data-id=\"a3a918e\" data-element_type=\"column\">\n\t\t\t<div class=\"elementor-widget-wrap elementor-element-populated\">\n\t\t\t\t\t\t<div class=\"elementor-element elementor-element-2f08e01 elementor-widget elementor-widget-text-editor\" data-id=\"2f08e01\" data-element_type=\"widget\" data-widget_type=\"text-editor.default\">\n\t\t\t\t<div class=\"elementor-widget-container\">\n\t\t\t\t\t\t\t<p>Emb\u00e1rcate en tu mejor aventura en Costa Rica<\/p>\t\t\t\t\t\t<\/div>\n\t\t\t\t<\/div>\n\t\t\t\t<div class=\"elementor-element elementor-element-dbd58f1 elementor-widget elementor-widget-heading\" data-id=\"dbd58f1\" data-element_type=\"widget\" data-widget_type=\"heading.default\">\n\t\t\t\t<div class=\"elementor-widget-container\">\n\t\t\t<h2 class=\"elementor-heading-title elementor-size-default\">Experimente lo mejor de Costa Rica con nuestra experiencia local<\/h2>\t\t<\/div>\n\t\t\t\t<\/div>\n\t\t\t\t<div class=\"elementor-element elementor-element-b2589ce elementor-widget elementor-widget-text-editor\" data-id=\"b2589ce\" data-element_type=\"widget\" data-widget_type=\"text-editor.default\">\n\t\t\t\t<div class=\"elementor-widget-container\">\n\t\t\t\t\t\t\t<p>\u00a1Prep\u00e1rese para vivir la aventura de su vida en Costa Rica! Explore paisajes impresionantes, sum\u00e9rjase en una biodiversidad extraordinaria y disfrute de actividades emocionantes. Con nuestra experiencia local, lo guiaremos hacia experiencias inolvidables. \u00a1Reserve ahora y emprenda su aventura con nosotros!<\/p>\t\t\t\t\t\t<\/div>\n\t\t\t\t<\/div>\n\t\t\t\t<div class=\"elementor-element elementor-element-d572e00 elementor-align-center elementor-mobile-align-center elementor-invisible elementor-widget elementor-widget-button\" data-id=\"d572e00\" data-element_type=\"widget\" data-settings=\"{&quot;_animation&quot;:&quot;opal-move-right&quot;}\" data-widget_type=\"button.default\">\n\t\t\t\t<div class=\"elementor-widget-container\">\n\t\t\t\t\t<div class=\"elementor-button-wrapper\">\n\t\t\t<a class=\"elementor-button elementor-button-link elementor-size-sm\" href=\"https:\/\/www.elementonatural.com\/es\/contact\/\">\n\t\t\t\t\t\t<span class=\"elementor-button-content-wrapper\">\n\t\t\t\t\t\t<span class=\"elementor-button-icon\">\n\t\t\t\t<i aria-hidden=\"true\" class=\"triply-icon- triply-icon-long-arrow-right\"><\/i>\t\t\t<\/span>\n\t\t\t\t\t\t\t\t\t<span class=\"elementor-button-text\">Cont\u00e1ctenos<\/span>\n\t\t\t\t\t<\/span>\n\t\t\t\t\t<\/a>\n\t\t<\/div>\n\t\t\t\t<\/div>\n\t\t\t\t<\/div>\n\t\t\t\t\t<\/div>\n\t\t<\/div>\n\t\t\t\t\t<\/div>\n\t\t<\/div>\n\t\t\t\t<\/div>","protected":false},"excerpt":{"rendered":"<p>Sustainability Elemento Natural holds the CST Level 3 (Certificate for Sustainability in Tourism, by the ICT \u2013 Costa Rica Tourism Board) Elemento Natural\u2019s sustainability policy The following is a summary of Elemento Natural\u2019s sustainability policy that helps us help YOU make a responsible trip and a sustainable travel, when you visit Costa Rica. Visitor Education [&hellip;]<\/p>","protected":false},"author":1,"featured_media":0,"parent":0,"menu_order":0,"comment_status":"closed","ping_status":"closed","template":"","meta":{"footnotes":""},"class_list":["post-11476","page","type-page","status-publish","hentry"],"yoast_head":"<!-- This site is optimized with the Yoast SEO Premium plugin v24.2 (Yoast SEO v24.2) - https:\/\/yoast.com\/wordpress\/plugins\/seo\/ -->\n<title>Sustainability - Elemento Natural<\/title>\n<meta name=\"description\" content=\"Elemento Natural\u2019s sustainability policy that helps us help YOU make a responsible trip and a sustainable travel, when you visit Costa Rica.\" \/>\n<meta name=\"robots\" content=\"index, follow, max-snippet:-1, max-image-preview:large, max-video-preview:-1\" \/>\n<link rel=\"canonical\" href=\"https:\/\/www.elementonatural.com\/es\/sustainability\/\" \/>\n<meta property=\"og:locale\" content=\"es_ES\" \/>\n<meta property=\"og:type\" content=\"article\" \/>\n<meta property=\"og:title\" content=\"Sustainability\" \/>\n<meta property=\"og:description\" content=\"Elemento Natural\u2019s sustainability policy that helps us help YOU make a responsible trip and a sustainable travel, when you visit Costa Rica.\" \/>\n<meta property=\"og:url\" content=\"https:\/\/www.elementonatural.com\/es\/sustainability\/\" \/>\n<meta property=\"og:site_name\" content=\"Elemento Natural\" \/>\n<meta property=\"article:modified_time\" content=\"2025-01-14T02:10:15+00:00\" \/>\n<meta name=\"twitter:card\" content=\"summary_large_image\" \/>\n<meta name=\"twitter:label1\" content=\"Est. reading time\" \/>\n\t<meta name=\"twitter:data1\" content=\"6 minutos\" \/>\n<!-- \/ Yoast SEO Premium plugin. -->","yoast_head_json":{"title":"Sustainability - Elemento Natural","description":"Elemento Natural\u2019s sustainability policy that helps us help YOU make a responsible trip and a sustainable travel, when you visit Costa Rica.","robots":{"index":"index","follow":"follow","max-snippet":"max-snippet:-1","max-image-preview":"max-image-preview:large","max-video-preview":"max-video-preview:-1"},"canonical":"https:\/\/www.elementonatural.com\/es\/sustainability\/","og_locale":"es_ES","og_type":"article","og_title":"Sustainability","og_description":"Elemento Natural\u2019s sustainability policy that helps us help YOU make a responsible trip and a sustainable travel, when you visit Costa Rica.","og_url":"https:\/\/www.elementonatural.com\/es\/sustainability\/","og_site_name":"Elemento Natural","article_modified_time":"2025-01-14T02:10:15+00:00","twitter_card":"summary_large_image","twitter_misc":{"Est. reading time":"6 minutos"},"schema":{"@context":"https:\/\/schema.org","@graph":[{"@type":"WebPage","@id":"https:\/\/www.elementonatural.com\/es\/sustainability\/","url":"https:\/\/www.elementonatural.com\/es\/sustainability\/","name":"Sustainability - Elemento Natural","isPartOf":{"@id":"https:\/\/www.elementonatural.com\/#website"},"datePublished":"2024-10-26T16:13:40+00:00","dateModified":"2025-01-14T02:10:15+00:00","description":"Elemento Natural\u2019s sustainability policy that helps us help YOU make a responsible trip and a sustainable travel, when you visit Costa Rica.","breadcrumb":{"@id":"https:\/\/www.elementonatural.com\/es\/sustainability\/#breadcrumb"},"inLanguage":"es-CR","potentialAction":[{"@type":"ReadAction","target":["https:\/\/www.elementonatural.com\/es\/sustainability\/"]}]},{"@type":"BreadcrumbList","@id":"https:\/\/www.elementonatural.com\/es\/sustainability\/#breadcrumb","itemListElement":[{"@type":"ListItem","position":1,"name":"Home","item":"https:\/\/www.elementonatural.com\/"},{"@type":"ListItem","position":2,"name":"Sustainability"}]},{"@type":"WebSite","@id":"https:\/\/www.elementonatural.com\/#website","url":"https:\/\/www.elementonatural.com\/","name":"Elemento Natural","description":"Travel Agency - Costa Rica","publisher":{"@id":"https:\/\/www.elementonatural.com\/#organization"},"potentialAction":[{"@type":"SearchAction","target":{"@type":"EntryPoint","urlTemplate":"https:\/\/www.elementonatural.com\/?s={search_term_string}"},"query-input":{"@type":"PropertyValueSpecification","valueRequired":true,"valueName":"search_term_string"}}],"inLanguage":"es-CR"},{"@type":"Organization","@id":"https:\/\/www.elementonatural.com\/#organization","name":"Elemento Natural","url":"https:\/\/www.elementonatural.com\/","logo":{"@type":"ImageObject","inLanguage":"es-CR","@id":"https:\/\/www.elementonatural.com\/#\/schema\/logo\/image\/","url":"https:\/\/www.elementonatural.com\/wp-content\/uploads\/2024\/08\/logo-elemento-natural.png","contentUrl":"https:\/\/www.elementonatural.com\/wp-content\/uploads\/2024\/08\/logo-elemento-natural.png","width":860,"height":280,"caption":"Elemento Natural"},"image":{"@id":"https:\/\/www.elementonatural.com\/#\/schema\/logo\/image\/"}}]}},"_links":{"self":[{"href":"https:\/\/www.elementonatural.com\/es\/wp-json\/wp\/v2\/pages\/11476","targetHints":{"allow":["GET"]}}],"collection":[{"href":"https:\/\/www.elementonatural.com\/es\/wp-json\/wp\/v2\/pages"}],"about":[{"href":"https:\/\/www.elementonatural.com\/es\/wp-json\/wp\/v2\/types\/page"}],"author":[{"embeddable":true,"href":"https:\/\/www.elementonatural.com\/es\/wp-json\/wp\/v2\/users\/1"}],"replies":[{"embeddable":true,"href":"https:\/\/www.elementonatural.com\/es\/wp-json\/wp\/v2\/comments?post=11476"}],"version-history":[{"count":10,"href":"https:\/\/www.elementonatural.com\/es\/wp-json\/wp\/v2\/pages\/11476\/revisions"}],"predecessor-version":[{"id":11817,"href":"https:\/\/www.elementonatural.com\/es\/wp-json\/wp\/v2\/pages\/11476\/revisions\/11817"}],"wp:attachment":[{"href":"https:\/\/www.elementonatural.com\/es\/wp-json\/wp\/v2\/media?parent=11476"}],"curies":[{"name":"wp","href":"https:\/\/api.w.org\/{rel}","templated":true}]}}