{"id":11487,"date":"2024-10-26T10:28:08","date_gmt":"2024-10-26T16:28:08","guid":{"rendered":"https:\/\/www.elementonatural.com\/?page_id=11487"},"modified":"2025-01-13T20:11:36","modified_gmt":"2025-01-14T02:11:36","slug":"code-of-conduct","status":"publish","type":"page","link":"https:\/\/www.elementonatural.com\/es\/code-of-conduct\/","title":{"rendered":"C\u00f3digo de conducta"},"content":{"rendered":"<div data-elementor-type=\"wp-page\" data-elementor-id=\"11487\" class=\"elementor elementor-11487\" data-elementor-post-type=\"page\">\n\t\t\t\t\t\t<div class=\"elementor-section elementor-top-section elementor-element elementor-element-8c8c065 elementor-section-height-min-height elementor-section-stretched elementor-section-boxed elementor-section-height-default elementor-section-items-middle\" data-id=\"8c8c065\" data-element_type=\"section\" data-settings=\"{&quot;stretch_section&quot;:&quot;section-stretched&quot;,&quot;background_background&quot;:&quot;classic&quot;}\">\n\t\t\t\t\t\t\t<div class=\"elementor-background-overlay\"><\/div>\n\t\t\t\t\t\t\t<div class=\"elementor-container elementor-column-gap-no\">\n\t\t\t\t\t<div class=\"elementor-column elementor-col-100 elementor-top-column elementor-element elementor-element-e7c79c9\" data-id=\"e7c79c9\" data-element_type=\"column\">\n\t\t\t<div class=\"elementor-widget-wrap elementor-element-populated\">\n\t\t\t\t\t\t<div class=\"elementor-element elementor-element-56ddb65 elementor-widget elementor-widget-heading\" data-id=\"56ddb65\" data-element_type=\"widget\" data-settings=\"{&quot;motion_fx_motion_fx_scrolling&quot;:&quot;yes&quot;,&quot;motion_fx_translateX_effect&quot;:&quot;yes&quot;,&quot;motion_fx_translateX_speed&quot;:{&quot;unit&quot;:&quot;px&quot;,&quot;size&quot;:2,&quot;sizes&quot;:[]},&quot;motion_fx_translateX_direction&quot;:&quot;negative&quot;,&quot;motion_fx_translateX_affectedRange&quot;:{&quot;unit&quot;:&quot;%&quot;,&quot;size&quot;:&quot;&quot;,&quot;sizes&quot;:{&quot;start&quot;:0,&quot;end&quot;:100}},&quot;motion_fx_devices&quot;:[&quot;desktop&quot;,&quot;tablet&quot;,&quot;mobile&quot;]}\" data-widget_type=\"heading.default\">\n\t\t\t\t<div class=\"elementor-widget-container\">\n\t\t\t<h1 class=\"elementor-heading-title elementor-size-default\">C\u00f3digo de conducta<\/h1>\t\t<\/div>\n\t\t\t\t<\/div>\n\t\t\t\t\t<\/div>\n\t\t<\/div>\n\t\t\t\t\t<\/div>\n\t\t<\/div>\n\t\t\t\t<div class=\"elementor-section elementor-top-section elementor-element elementor-element-b057c37 elementor-section-stretched elementor-section-boxed elementor-section-height-default elementor-section-height-default elementor-invisible\" data-id=\"b057c37\" data-element_type=\"section\" data-settings=\"{&quot;stretch_section&quot;:&quot;section-stretched&quot;,&quot;animation&quot;:&quot;fadeIn&quot;}\">\n\t\t\t\t\t\t<div class=\"elementor-container elementor-column-gap-no\">\n\t\t\t\t\t<div class=\"elementor-column elementor-col-100 elementor-top-column elementor-element elementor-element-3e06728\" data-id=\"3e06728\" data-element_type=\"column\">\n\t\t\t<div class=\"elementor-widget-wrap elementor-element-populated\">\n\t\t\t\t\t\t<div class=\"elementor-element elementor-element-8f7bf07 elementor-widget__width-initial elementor-widget elementor-widget-text-editor\" data-id=\"8f7bf07\" data-element_type=\"widget\" data-widget_type=\"text-editor.default\">\n\t\t\t\t<div class=\"elementor-widget-container\">\n\t\t\t\t\t\t\t<div><h3 style=\"text-align: center;\">Elemento Natural cuenta con un c\u00f3digo de conducta para proteger a los ni\u00f1os, ni\u00f1as y adolescentes de la explotaci\u00f3n sexual en viajes y turismo:<\/h3><div>1. <strong>Rechazamos<\/strong> la explotaci\u00f3n sexual comercial de ni\u00f1as, ni\u00f1os, adolescentes y cualquier otra persona en Costa Rica y en cualquier parte del mundo, particularmente cuando est\u00e1 relacionada con el turismo, por ser una conducta lesiva a los derechos humanos fundamentales y constituye una actividad antag\u00f3nica a lo que debe ser el turismo: una actividad que fomente la paz, los derechos humanos, el entendimiento mutuo, el respeto a todos los pa\u00edses y culturas y el desarrollo sostenible.<\/div><div>\u00a0<\/div><div>2. <strong>Acusamos y condenamos<\/strong> a todo aquel que utilice el turismo o su infraestructura y servicios para promover, facilitar o tolerar cualquier tipo de explotaci\u00f3n sexual, en particular contra ni\u00f1os, ni\u00f1as y adolescentes, por lo que hemos establecido nuestro C\u00f3digo de Conducta para proteger a los ni\u00f1os, ni\u00f1as y adolescentes de la explotaci\u00f3n sexual en los viajes y el turismo, que contiene lo siguiente:<\/div><div>\u00a0<\/div><div>\u00a0<\/div><div><b>Nuestras responsabilidades son:<\/b><\/div><div>\u00a0<\/div><ol><li>Hacemos p\u00fablica nuestra pol\u00edtica \u00e9tica, dejando claro el rechazo total a la explotaci\u00f3n sexual comercial infantil o de cualquier otra persona.<\/li><li>Capacitamos a nuestro personal para que todos conozcan, entiendan y vivan conforme a nuestro c\u00f3digo y las pr\u00e1cticas y pol\u00edticas comunes que nuestra empresa ha adoptado en materia de explotaci\u00f3n sexual de ni\u00f1os, ni\u00f1as y adolescentes; de esa manera, nuestros empleados podr\u00e1n manejar adecuadamente cualquier situaci\u00f3n relacionada con ese tema, en el desempe\u00f1o de sus funciones diarias. Nuestros empleados se convertir\u00e1n entonces en agentes preventivos en la protecci\u00f3n de los ni\u00f1os.<\/li><li>Realizamos verificaciones de antecedentes de todos nuestros empleados y miembros del equipo, para garantizar que no haya ning\u00fan riesgo impl\u00edcito en la operaci\u00f3n diaria de nuestros tours, especialmente con grupos de estudiantes y grupos con menores o participantes menores de 18 a\u00f1os.<\/li><li>Utilizaremos s\u00edmbolos externos para que nuestros clientes y proveedores conozcan nuestra posici\u00f3n frente a la explotaci\u00f3n sexual de ni\u00f1os, ni\u00f1as y adolescentes, en todas sus formas posibles.<\/li><li>Presentaremos un informe anual a la Asociaci\u00f3n Costarricense de Profesionales de Turismo y a la Asociaci\u00f3n Costarricense de Operadores de Turismo, copiando a Fundaci\u00f3n Paniamor como organizaci\u00f3n afiliada a ECPAT Internacional en Costa Rica; dicho informe resumir\u00e1 todas las actividades que nuestra empresa ha desarrollado en ese campo.<\/li><\/ol><\/div>\t\t\t\t\t\t<\/div>\n\t\t\t\t<\/div>\n\t\t\t\t\t<\/div>\n\t\t<\/div>\n\t\t\t\t\t<\/div>\n\t\t<\/div>\n\t\t\t\t<div class=\"elementor-section elementor-top-section elementor-element elementor-element-4166e26 elementor-section-stretched elementor-section-boxed elementor-section-height-default elementor-section-height-default\" data-id=\"4166e26\" data-element_type=\"section\" data-settings=\"{&quot;stretch_section&quot;:&quot;section-stretched&quot;,&quot;background_background&quot;:&quot;classic&quot;}\">\n\t\t\t\t\t\t<div class=\"elementor-container elementor-column-gap-no\">\n\t\t\t\t\t<div class=\"elementor-column elementor-col-100 elementor-top-column elementor-element elementor-element-a3a918e\" data-id=\"a3a918e\" data-element_type=\"column\">\n\t\t\t<div class=\"elementor-widget-wrap elementor-element-populated\">\n\t\t\t\t\t\t<div class=\"elementor-element elementor-element-2f08e01 elementor-widget elementor-widget-text-editor\" data-id=\"2f08e01\" data-element_type=\"widget\" data-widget_type=\"text-editor.default\">\n\t\t\t\t<div class=\"elementor-widget-container\">\n\t\t\t\t\t\t\t<p>Emb\u00e1rcate en tu mejor aventura en Costa Rica<\/p>\t\t\t\t\t\t<\/div>\n\t\t\t\t<\/div>\n\t\t\t\t<div class=\"elementor-element elementor-element-dbd58f1 elementor-widget elementor-widget-heading\" data-id=\"dbd58f1\" data-element_type=\"widget\" data-widget_type=\"heading.default\">\n\t\t\t\t<div class=\"elementor-widget-container\">\n\t\t\t<h2 class=\"elementor-heading-title elementor-size-default\">Experimente lo mejor de Costa Rica con nuestra experiencia local<\/h2>\t\t<\/div>\n\t\t\t\t<\/div>\n\t\t\t\t<div class=\"elementor-element elementor-element-b2589ce elementor-widget elementor-widget-text-editor\" data-id=\"b2589ce\" data-element_type=\"widget\" data-widget_type=\"text-editor.default\">\n\t\t\t\t<div class=\"elementor-widget-container\">\n\t\t\t\t\t\t\t<p>\u00a1Prep\u00e1rese para vivir la aventura de su vida en Costa Rica! Explore paisajes impresionantes, sum\u00e9rjase en una biodiversidad extraordinaria y disfrute de actividades emocionantes. Con nuestra experiencia local, lo guiaremos hacia experiencias inolvidables. \u00a1Reserve ahora y emprenda su aventura con nosotros!<\/p>\t\t\t\t\t\t<\/div>\n\t\t\t\t<\/div>\n\t\t\t\t<div class=\"elementor-element elementor-element-d572e00 elementor-align-center elementor-mobile-align-center elementor-invisible elementor-widget elementor-widget-button\" data-id=\"d572e00\" data-element_type=\"widget\" data-settings=\"{&quot;_animation&quot;:&quot;opal-move-right&quot;}\" data-widget_type=\"button.default\">\n\t\t\t\t<div class=\"elementor-widget-container\">\n\t\t\t\t\t<div class=\"elementor-button-wrapper\">\n\t\t\t<a class=\"elementor-button elementor-button-link elementor-size-sm\" href=\"https:\/\/www.elementonatural.com\/es\/contact\/\">\n\t\t\t\t\t\t<span class=\"elementor-button-content-wrapper\">\n\t\t\t\t\t\t<span class=\"elementor-button-icon\">\n\t\t\t\t<i aria-hidden=\"true\" class=\"triply-icon- triply-icon-long-arrow-right\"><\/i>\t\t\t<\/span>\n\t\t\t\t\t\t\t\t\t<span class=\"elementor-button-text\">Cont\u00e1ctenos<\/span>\n\t\t\t\t\t<\/span>\n\t\t\t\t\t<\/a>\n\t\t<\/div>\n\t\t\t\t<\/div>\n\t\t\t\t<\/div>\n\t\t\t\t\t<\/div>\n\t\t<\/div>\n\t\t\t\t\t<\/div>\n\t\t<\/div>\n\t\t\t\t<\/div>","protected":false},"excerpt":{"rendered":"<p>Code of Conduct Elemento Natural has a code of conduct to protect children and adolescents from sexual exploitation in travel and tourism: 1. We reject comercial sexual exploitation of children, adolescents and any other person in Costa Rica and anywhere in the world, particularly when related to tourism, being a conduct that is harmful to [&hellip;]<\/p>","protected":false},"author":1,"featured_media":0,"parent":0,"menu_order":0,"comment_status":"closed","ping_status":"closed","template":"","meta":{"footnotes":""},"class_list":["post-11487","page","type-page","status-publish","hentry"],"yoast_head":"<!-- This site is optimized with the Yoast SEO Premium plugin v24.2 (Yoast SEO v24.2) - https:\/\/yoast.com\/wordpress\/plugins\/seo\/ -->\n<title>Code of Conduct - Elemento Natural<\/title>\n<meta name=\"description\" content=\"Elemento Natural has a code of conduct to protect children and adolescents from sexual exploitation in travel and tourism\" \/>\n<meta name=\"robots\" content=\"index, follow, max-snippet:-1, max-image-preview:large, max-video-preview:-1\" \/>\n<link rel=\"canonical\" href=\"https:\/\/www.elementonatural.com\/es\/code-of-conduct\/\" \/>\n<meta property=\"og:locale\" content=\"es_ES\" \/>\n<meta property=\"og:type\" content=\"article\" \/>\n<meta property=\"og:title\" content=\"Code of Conduct\" \/>\n<meta property=\"og:description\" content=\"Elemento Natural has a code of conduct to protect children and adolescents from sexual exploitation in travel and tourism\" \/>\n<meta property=\"og:url\" content=\"https:\/\/www.elementonatural.com\/es\/code-of-conduct\/\" \/>\n<meta property=\"og:site_name\" content=\"Elemento Natural\" \/>\n<meta property=\"article:modified_time\" content=\"2025-01-14T02:11:36+00:00\" \/>\n<meta name=\"twitter:card\" content=\"summary_large_image\" \/>\n<meta name=\"twitter:label1\" content=\"Est. reading time\" \/>\n\t<meta name=\"twitter:data1\" content=\"2 minutos\" \/>\n<!-- \/ Yoast SEO Premium plugin. -->","yoast_head_json":{"title":"Code of Conduct - Elemento Natural","description":"Elemento Natural has a code of conduct to protect children and adolescents from sexual exploitation in travel and tourism","robots":{"index":"index","follow":"follow","max-snippet":"max-snippet:-1","max-image-preview":"max-image-preview:large","max-video-preview":"max-video-preview:-1"},"canonical":"https:\/\/www.elementonatural.com\/es\/code-of-conduct\/","og_locale":"es_ES","og_type":"article","og_title":"Code of Conduct","og_description":"Elemento Natural has a code of conduct to protect children and adolescents from sexual exploitation in travel and tourism","og_url":"https:\/\/www.elementonatural.com\/es\/code-of-conduct\/","og_site_name":"Elemento Natural","article_modified_time":"2025-01-14T02:11:36+00:00","twitter_card":"summary_large_image","twitter_misc":{"Est. reading time":"2 minutos"},"schema":{"@context":"https:\/\/schema.org","@graph":[{"@type":"WebPage","@id":"https:\/\/www.elementonatural.com\/code-of-conduct\/","url":"https:\/\/www.elementonatural.com\/code-of-conduct\/","name":"Code of Conduct - Elemento Natural","isPartOf":{"@id":"https:\/\/www.elementonatural.com\/#website"},"datePublished":"2024-10-26T16:28:08+00:00","dateModified":"2025-01-14T02:11:36+00:00","description":"Elemento Natural has a code of conduct to protect children and adolescents from sexual exploitation in travel and tourism","breadcrumb":{"@id":"https:\/\/www.elementonatural.com\/code-of-conduct\/#breadcrumb"},"inLanguage":"es-CR","potentialAction":[{"@type":"ReadAction","target":["https:\/\/www.elementonatural.com\/code-of-conduct\/"]}]},{"@type":"BreadcrumbList","@id":"https:\/\/www.elementonatural.com\/code-of-conduct\/#breadcrumb","itemListElement":[{"@type":"ListItem","position":1,"name":"Home","item":"https:\/\/www.elementonatural.com\/"},{"@type":"ListItem","position":2,"name":"Code of Conduct"}]},{"@type":"WebSite","@id":"https:\/\/www.elementonatural.com\/#website","url":"https:\/\/www.elementonatural.com\/","name":"Elemento Natural","description":"Travel Agency - Costa Rica","publisher":{"@id":"https:\/\/www.elementonatural.com\/#organization"},"potentialAction":[{"@type":"SearchAction","target":{"@type":"EntryPoint","urlTemplate":"https:\/\/www.elementonatural.com\/?s={search_term_string}"},"query-input":{"@type":"PropertyValueSpecification","valueRequired":true,"valueName":"search_term_string"}}],"inLanguage":"es-CR"},{"@type":"Organization","@id":"https:\/\/www.elementonatural.com\/#organization","name":"Elemento Natural","url":"https:\/\/www.elementonatural.com\/","logo":{"@type":"ImageObject","inLanguage":"es-CR","@id":"https:\/\/www.elementonatural.com\/#\/schema\/logo\/image\/","url":"https:\/\/www.elementonatural.com\/wp-content\/uploads\/2024\/08\/logo-elemento-natural.png","contentUrl":"https:\/\/www.elementonatural.com\/wp-content\/uploads\/2024\/08\/logo-elemento-natural.png","width":860,"height":280,"caption":"Elemento Natural"},"image":{"@id":"https:\/\/www.elementonatural.com\/#\/schema\/logo\/image\/"}}]}},"_links":{"self":[{"href":"https:\/\/www.elementonatural.com\/es\/wp-json\/wp\/v2\/pages\/11487","targetHints":{"allow":["GET"]}}],"collection":[{"href":"https:\/\/www.elementonatural.com\/es\/wp-json\/wp\/v2\/pages"}],"about":[{"href":"https:\/\/www.elementonatural.com\/es\/wp-json\/wp\/v2\/types\/page"}],"author":[{"embeddable":true,"href":"https:\/\/www.elementonatural.com\/es\/wp-json\/wp\/v2\/users\/1"}],"replies":[{"embeddable":true,"href":"https:\/\/www.elementonatural.com\/es\/wp-json\/wp\/v2\/comments?post=11487"}],"version-history":[{"count":10,"href":"https:\/\/www.elementonatural.com\/es\/wp-json\/wp\/v2\/pages\/11487\/revisions"}],"predecessor-version":[{"id":11820,"href":"https:\/\/www.elementonatural.com\/es\/wp-json\/wp\/v2\/pages\/11487\/revisions\/11820"}],"wp:attachment":[{"href":"https:\/\/www.elementonatural.com\/es\/wp-json\/wp\/v2\/media?parent=11487"}],"curies":[{"name":"wp","href":"https:\/\/api.w.org\/{rel}","templated":true}]}}