{"id":3,"date":"2024-08-19T01:34:14","date_gmt":"2024-08-19T01:34:14","guid":{"rendered":"https:\/\/www.elementonatural.com\/?page_id=3"},"modified":"2024-10-26T10:25:27","modified_gmt":"2024-10-26T16:25:27","slug":"terms-and-conditions","status":"publish","type":"page","link":"https:\/\/www.elementonatural.com\/es\/terms-and-conditions\/","title":{"rendered":"T\u00e9rminos y condiciones"},"content":{"rendered":"<div data-elementor-type=\"wp-page\" data-elementor-id=\"3\" class=\"elementor elementor-3\" data-elementor-post-type=\"page\">\n\t\t\t\t\t\t<div class=\"elementor-section elementor-top-section elementor-element elementor-element-7afd431 elementor-section-height-min-height elementor-section-stretched elementor-section-boxed elementor-section-height-default elementor-section-items-middle\" data-id=\"7afd431\" data-element_type=\"section\" data-e-type=\"section\" data-settings=\"{&quot;stretch_section&quot;:&quot;section-stretched&quot;,&quot;background_background&quot;:&quot;classic&quot;}\">\n\t\t\t\t\t\t\t<div class=\"elementor-background-overlay\"><\/div>\n\t\t\t\t\t\t\t<div class=\"elementor-container elementor-column-gap-no\">\n\t\t\t\t\t<div class=\"elementor-column elementor-col-100 elementor-top-column elementor-element elementor-element-80be679\" data-id=\"80be679\" data-element_type=\"column\" data-e-type=\"column\">\n\t\t\t<div class=\"elementor-widget-wrap elementor-element-populated\">\n\t\t\t\t\t\t<div class=\"elementor-element elementor-element-b769f8a elementor-widget elementor-widget-heading\" data-id=\"b769f8a\" data-element_type=\"widget\" data-e-type=\"widget\" data-settings=\"{&quot;motion_fx_motion_fx_scrolling&quot;:&quot;yes&quot;,&quot;motion_fx_translateX_effect&quot;:&quot;yes&quot;,&quot;motion_fx_translateX_speed&quot;:{&quot;unit&quot;:&quot;px&quot;,&quot;size&quot;:2,&quot;sizes&quot;:[]},&quot;motion_fx_translateX_direction&quot;:&quot;negative&quot;,&quot;motion_fx_translateX_affectedRange&quot;:{&quot;unit&quot;:&quot;%&quot;,&quot;size&quot;:&quot;&quot;,&quot;sizes&quot;:{&quot;start&quot;:0,&quot;end&quot;:100}},&quot;motion_fx_devices&quot;:[&quot;desktop&quot;,&quot;tablet&quot;,&quot;mobile&quot;]}\" data-widget_type=\"heading.default\">\n\t\t\t\t<div class=\"elementor-widget-container\">\n\t\t\t\t\t<h1 class=\"elementor-heading-title elementor-size-default\">T\u00e9rminos y condiciones<\/h1>\t\t\t\t<\/div>\n\t\t\t\t<\/div>\n\t\t\t\t\t<\/div>\n\t\t<\/div>\n\t\t\t\t\t<\/div>\n\t\t<\/div>\n\t\t\t\t<div class=\"elementor-section elementor-top-section elementor-element elementor-element-e7d2a2c elementor-section-stretched elementor-section-boxed elementor-section-height-default elementor-section-height-default elementor-invisible\" data-id=\"e7d2a2c\" data-element_type=\"section\" data-e-type=\"section\" data-settings=\"{&quot;stretch_section&quot;:&quot;section-stretched&quot;,&quot;animation&quot;:&quot;fadeIn&quot;}\">\n\t\t\t\t\t\t<div class=\"elementor-container elementor-column-gap-no\">\n\t\t\t\t\t<div class=\"elementor-column elementor-col-100 elementor-top-column elementor-element elementor-element-e643057\" data-id=\"e643057\" data-element_type=\"column\" data-e-type=\"column\">\n\t\t\t<div class=\"elementor-widget-wrap elementor-element-populated\">\n\t\t\t\t\t\t<div class=\"elementor-element elementor-element-3f8f6e8 elementor-widget__width-initial elementor-widget elementor-widget-text-editor\" data-id=\"3f8f6e8\" data-element_type=\"widget\" data-e-type=\"widget\" data-widget_type=\"text-editor.default\">\n\t\t\t\t<div class=\"elementor-widget-container\">\n\t\t\t\t\t\t\t\t\t<h3 style=\"text-align: center;\">Estos son los t\u00e9rminos y condiciones generales que seguimos en cada uno de nuestros acuerdos.<\/h3>\n<div>\u00a0<\/div>\n<h4 style=\"text-align: left;\">RESERVAS<\/h4>\n<p style=\"text-align: left;\">Puede realizar sus reservas directamente con nosotros por correo electr\u00f3nico o utilizando el formulario de reservas incluido en el sitio. Incluya todos los datos personales, incluido el nombre completo, el correo electr\u00f3nico, la nacionalidad y el n\u00famero de tel\u00e9fono. Luego nos comunicaremos con usted para definir todos los detalles de su viaje. Para garantizar su reserva, ELEMENTO NATURAL debe recibir un prepago y una confirmaci\u00f3n por escrito al menos 30 d\u00edas antes de la salida. El tama\u00f1o m\u00ednimo del grupo que ELEMENTO NATURAL puede aceptar en los viajes en grupo es de 4 personas, para mantener los precios que ofrecemos. Por debajo de eso, los precios est\u00e1n sujetos a cambios.<\/p>\n<h4 style=\"text-align: left;\">PAGOS<\/h4>\n<p style=\"text-align: left;\"><b>No hay absolutamente nada que pagar para enviar su solicitud de reserva<\/b>. Una vez que confirmemos la disponibilidad y estemos de acuerdo con los servicios, generaremos un contrato para sus registros. Debe realizar un pago por adelantado del 50% del costo total del tour al menos 30 d\u00edas antes de su llegada. Esto se puede hacer con una transferencia bancaria a nuestra cuenta, con tarjeta de cr\u00e9dito o paypal. El 50% restante se debe pagar 7 d\u00edas antes de la llegada a Costa Rica y tambi\u00e9n se puede pagar en efectivo (US$ o COLON \u00a2).<\/p>\n<h4 style=\"text-align: left;\">CANCELACIONES<\/h4>\n<p style=\"text-align: left;\">You must send a written notification of any modifications and\/or cancellations. Cancellations within 15 days before the start date of your adventure will result in the loss of your\u00a0prepayment. Cancellations within 7 days of the start date or a No Show, will result in the loss of the entire cost of your tour. Any cancellation sent within 30 days\u00a0 of the start day will be subject an administrative fee of $50.<\/p>\n<h4 style=\"text-align: left;\" align=\"center\">ELEMENTO NATURAL\u00b4S\u00a0RESPONSIBILITIES<\/h4>\n<p style=\"text-align: left;\">ELEMENTO NATURAL se reserva el derecho de cancelar, modificar o retrasar el itinerario del viaje cuando lo considere necesario para el beneficio de nuestros clientes. ELEMENTO NATURAL no se hace responsable de circunstancias extraordinarias como mal tiempo o alteraci\u00f3n de las condiciones de las carreteras; tampoco podemos responsabilizarnos por enfermedades, lesiones, da\u00f1os, p\u00e9rdidas, retrasos o cualquier otra irregularidad causada por actos involuntarios o negligentes de otras empresas o terceros involucrados en el cumplimiento del itinerario, o por desastres naturales o asuntos pol\u00edticos o festivos. Su viaje es un tour de aventura y pueden ocurrir eventos inesperados, por lo que no siempre podemos seguir el itinerario inicial.<br \/>ELEMENTO NATURAL tambi\u00e9n se reserva el derecho de admisi\u00f3n a nuestros viajes, no siendo responsables por deficiencias mentales, f\u00edsicas o negligencias de nuestros clientes.<\/p>\n<p style=\"text-align: left;\">In the case that you do not have any kind of traveler insurance, you may ask for \u00a0one in our office. The coverage is at an extra charge, and is based on the length of your expedition.<\/p>\n<div align=\"left\">\n<h4 style=\"text-align: left;\" align=\"center\">RESPONSABILIDADES DEL CLIENTE<\/h4>\n<p style=\"text-align: left;\" align=\"left\">The customer is voluntarily participating in these activities with knowledge of the dangers involved and agrees to assume any and all risks, including possible injuries or death. The customer is obligated to accept the advice and guidance that the guide will provide. He also agrees to behave safely and to respect the wildlife of the areas we will be visiting, and to respect the way of life and traditions of the local people in our country. \u00a0Any people younger than 18 will be required to have a parent or legal guardian in charge of him.\u00a0Any additional or optional activities that are not included in the tour will have to be paid by the customer.<\/p>\n<\/div>\t\t\t\t\t\t\t\t<\/div>\n\t\t\t\t<\/div>\n\t\t\t\t\t<\/div>\n\t\t<\/div>\n\t\t\t\t\t<\/div>\n\t\t<\/div>\n\t\t\t\t<\/div>","protected":false},"excerpt":{"rendered":"<p>Terms and Conditions These are the general terms and conditions that we follow in each of our agreements. \u00a0 RESERVATIONS You can make your reservations directly with us via email or using the reservation form included in the site. Enclose all personal data including complete name, email, nationality and phone number. We will then contact [&hellip;]<\/p>","protected":false},"author":1,"featured_media":0,"parent":0,"menu_order":0,"comment_status":"closed","ping_status":"closed","template":"","meta":{"footnotes":""},"class_list":["post-3","page","type-page","status-publish","hentry"],"yoast_head":"<!-- This site is optimized with the Yoast SEO Premium plugin v24.2 (Yoast SEO v27.3) - https:\/\/yoast.com\/product\/yoast-seo-premium-wordpress\/ -->\n<title>Terms and Conditions - Elemento Natural<\/title>\n<meta name=\"robots\" content=\"index, follow, max-snippet:-1, max-image-preview:large, max-video-preview:-1\" \/>\n<link rel=\"canonical\" href=\"https:\/\/www.elementonatural.com\/es\/terms-and-conditions\/\" \/>\n<meta property=\"og:locale\" content=\"es_ES\" \/>\n<meta property=\"og:type\" content=\"article\" \/>\n<meta property=\"og:title\" content=\"Terms and Conditions\" \/>\n<meta property=\"og:description\" content=\"Terms and Conditions These are the general terms and conditions that we follow in each of our agreements. \u00a0 RESERVATIONS You can make your reservations directly with us via email or using the reservation form included in the site. Enclose all personal data including complete name, email, nationality and phone number. We will then contact [&hellip;]\" \/>\n<meta property=\"og:url\" content=\"https:\/\/www.elementonatural.com\/es\/terms-and-conditions\/\" \/>\n<meta property=\"og:site_name\" content=\"Elemento Natural\" \/>\n<meta property=\"article:modified_time\" content=\"2024-10-26T16:25:27+00:00\" \/>\n<meta name=\"twitter:card\" content=\"summary_large_image\" \/>\n<meta name=\"twitter:label1\" content=\"Est. reading time\" \/>\n\t<meta name=\"twitter:data1\" content=\"3 minutos\" \/>\n<!-- \/ Yoast SEO Premium plugin. -->","yoast_head_json":{"title":"Terms and Conditions - Elemento Natural","robots":{"index":"index","follow":"follow","max-snippet":"max-snippet:-1","max-image-preview":"max-image-preview:large","max-video-preview":"max-video-preview:-1"},"canonical":"https:\/\/www.elementonatural.com\/es\/terms-and-conditions\/","og_locale":"es_ES","og_type":"article","og_title":"Terms and Conditions","og_description":"Terms and Conditions These are the general terms and conditions that we follow in each of our agreements. \u00a0 RESERVATIONS You can make your reservations directly with us via email or using the reservation form included in the site. Enclose all personal data including complete name, email, nationality and phone number. We will then contact [&hellip;]","og_url":"https:\/\/www.elementonatural.com\/es\/terms-and-conditions\/","og_site_name":"Elemento Natural","article_modified_time":"2024-10-26T16:25:27+00:00","twitter_card":"summary_large_image","twitter_misc":{"Est. reading time":"3 minutos"},"schema":{"@context":"https:\/\/schema.org","@graph":[{"@type":"WebPage","@id":"https:\/\/www.elementonatural.com\/terms-and-conditions\/","url":"https:\/\/www.elementonatural.com\/terms-and-conditions\/","name":"Terms and Conditions - Elemento Natural","isPartOf":{"@id":"https:\/\/www.elementonatural.com\/#website"},"datePublished":"2024-08-19T01:34:14+00:00","dateModified":"2024-10-26T16:25:27+00:00","breadcrumb":{"@id":"https:\/\/www.elementonatural.com\/terms-and-conditions\/#breadcrumb"},"inLanguage":"es-CR","potentialAction":[{"@type":"ReadAction","target":["https:\/\/www.elementonatural.com\/terms-and-conditions\/"]}]},{"@type":"BreadcrumbList","@id":"https:\/\/www.elementonatural.com\/terms-and-conditions\/#breadcrumb","itemListElement":[{"@type":"ListItem","position":1,"name":"Home","item":"https:\/\/www.elementonatural.com\/"},{"@type":"ListItem","position":2,"name":"Terms and Conditions"}]},{"@type":"WebSite","@id":"https:\/\/www.elementonatural.com\/#website","url":"https:\/\/www.elementonatural.com\/","name":"Elemento Natural","description":"Travel Agency - Costa Rica","publisher":{"@id":"https:\/\/www.elementonatural.com\/#organization"},"potentialAction":[{"@type":"SearchAction","target":{"@type":"EntryPoint","urlTemplate":"https:\/\/www.elementonatural.com\/?s={search_term_string}"},"query-input":{"@type":"PropertyValueSpecification","valueRequired":true,"valueName":"search_term_string"}}],"inLanguage":"es-CR"},{"@type":"Organization","@id":"https:\/\/www.elementonatural.com\/#organization","name":"Elemento Natural","url":"https:\/\/www.elementonatural.com\/","logo":{"@type":"ImageObject","inLanguage":"es-CR","@id":"https:\/\/www.elementonatural.com\/#\/schema\/logo\/image\/","url":"https:\/\/www.elementonatural.com\/wp-content\/uploads\/2024\/08\/logo-elemento-natural.png","contentUrl":"https:\/\/www.elementonatural.com\/wp-content\/uploads\/2024\/08\/logo-elemento-natural.png","width":860,"height":280,"caption":"Elemento Natural"},"image":{"@id":"https:\/\/www.elementonatural.com\/#\/schema\/logo\/image\/"}}]}},"_links":{"self":[{"href":"https:\/\/www.elementonatural.com\/es\/wp-json\/wp\/v2\/pages\/3","targetHints":{"allow":["GET"]}}],"collection":[{"href":"https:\/\/www.elementonatural.com\/es\/wp-json\/wp\/v2\/pages"}],"about":[{"href":"https:\/\/www.elementonatural.com\/es\/wp-json\/wp\/v2\/types\/page"}],"author":[{"embeddable":true,"href":"https:\/\/www.elementonatural.com\/es\/wp-json\/wp\/v2\/users\/1"}],"replies":[{"embeddable":true,"href":"https:\/\/www.elementonatural.com\/es\/wp-json\/wp\/v2\/comments?post=3"}],"version-history":[{"count":4,"href":"https:\/\/www.elementonatural.com\/es\/wp-json\/wp\/v2\/pages\/3\/revisions"}],"predecessor-version":[{"id":11486,"href":"https:\/\/www.elementonatural.com\/es\/wp-json\/wp\/v2\/pages\/3\/revisions\/11486"}],"wp:attachment":[{"href":"https:\/\/www.elementonatural.com\/es\/wp-json\/wp\/v2\/media?parent=3"}],"curies":[{"name":"wp","href":"https:\/\/api.w.org\/{rel}","templated":true}]}}