{"id":11476,"date":"2024-10-26T10:13:40","date_gmt":"2024-10-26T16:13:40","guid":{"rendered":"https:\/\/www.elementonatural.com\/?page_id=11476"},"modified":"2025-01-13T20:10:15","modified_gmt":"2025-01-14T02:10:15","slug":"sustainability","status":"publish","type":"page","link":"https:\/\/www.elementonatural.com\/fr\/sustainability\/","title":{"rendered":"Durabilit\u00e9"},"content":{"rendered":"<div data-elementor-type=\"wp-page\" data-elementor-id=\"11476\" class=\"elementor elementor-11476\" data-elementor-post-type=\"page\">\n\t\t\t\t\t\t<div class=\"elementor-section elementor-top-section elementor-element elementor-element-8c8c065 elementor-section-height-min-height elementor-section-stretched elementor-section-boxed elementor-section-height-default elementor-section-items-middle\" data-id=\"8c8c065\" data-element_type=\"section\" data-settings=\"{&quot;stretch_section&quot;:&quot;section-stretched&quot;,&quot;background_background&quot;:&quot;classic&quot;}\">\n\t\t\t\t\t\t\t<div class=\"elementor-background-overlay\"><\/div>\n\t\t\t\t\t\t\t<div class=\"elementor-container elementor-column-gap-no\">\n\t\t\t\t\t<div class=\"elementor-column elementor-col-100 elementor-top-column elementor-element elementor-element-e7c79c9\" data-id=\"e7c79c9\" data-element_type=\"column\">\n\t\t\t<div class=\"elementor-widget-wrap elementor-element-populated\">\n\t\t\t\t\t\t<div class=\"elementor-element elementor-element-56ddb65 elementor-widget elementor-widget-heading\" data-id=\"56ddb65\" data-element_type=\"widget\" data-settings=\"{&quot;motion_fx_motion_fx_scrolling&quot;:&quot;yes&quot;,&quot;motion_fx_translateX_effect&quot;:&quot;yes&quot;,&quot;motion_fx_translateX_speed&quot;:{&quot;unit&quot;:&quot;px&quot;,&quot;size&quot;:2,&quot;sizes&quot;:[]},&quot;motion_fx_translateX_direction&quot;:&quot;negative&quot;,&quot;motion_fx_translateX_affectedRange&quot;:{&quot;unit&quot;:&quot;%&quot;,&quot;size&quot;:&quot;&quot;,&quot;sizes&quot;:{&quot;start&quot;:0,&quot;end&quot;:100}},&quot;motion_fx_devices&quot;:[&quot;desktop&quot;,&quot;tablet&quot;,&quot;mobile&quot;]}\" data-widget_type=\"heading.default\">\n\t\t\t\t<div class=\"elementor-widget-container\">\n\t\t\t<h1 class=\"elementor-heading-title elementor-size-default\">Durabilit\u00e9<\/h1>\t\t<\/div>\n\t\t\t\t<\/div>\n\t\t\t\t\t<\/div>\n\t\t<\/div>\n\t\t\t\t\t<\/div>\n\t\t<\/div>\n\t\t\t\t<div class=\"elementor-section elementor-top-section elementor-element elementor-element-b057c37 elementor-section-stretched elementor-section-boxed elementor-section-height-default elementor-section-height-default elementor-invisible\" data-id=\"b057c37\" data-element_type=\"section\" data-settings=\"{&quot;stretch_section&quot;:&quot;section-stretched&quot;,&quot;animation&quot;:&quot;fadeIn&quot;}\">\n\t\t\t\t\t\t<div class=\"elementor-container elementor-column-gap-no\">\n\t\t\t\t\t<div class=\"elementor-column elementor-col-100 elementor-top-column elementor-element elementor-element-3e06728\" data-id=\"3e06728\" data-element_type=\"column\">\n\t\t\t<div class=\"elementor-widget-wrap elementor-element-populated\">\n\t\t\t\t\t\t<div class=\"elementor-element elementor-element-8f7bf07 elementor-widget__width-initial elementor-widget elementor-widget-text-editor\" data-id=\"8f7bf07\" data-element_type=\"widget\" data-widget_type=\"text-editor.default\">\n\t\t\t\t<div class=\"elementor-widget-container\">\n\t\t\t\t\t\t\t<h2>Elemento Natural d\u00e9tient le CST Niveau 3 (Certificat de durabilit\u00e9 dans le tourisme, par l&#039;ICT - Costa Rica Tourism Board)<\/h2><h2>Politique de d\u00e9veloppement durable d&#039;Elemento Natural<\/h2><p>Ce qui suit est un r\u00e9sum\u00e9 de la politique de durabilit\u00e9 d&#039;Elemento Natural qui nous aide \u00e0 vous aider \u00e0 faire un voyage responsable et un voyage durable, lorsque vous visitez le Costa Rica.<\/p><h2>\u00c9ducation et messages aux visiteurs<\/h2><p><strong>1- Nous identifions les messages cl\u00e9s que nous devons communiquer \u00e0 nos clients.<\/strong><br \/>Les valeurs environnementales, culturelles, sociales et historiques et les points d&#039;int\u00e9r\u00eat que nous souhaitons faire conna\u00eetre et appr\u00e9cier aux visiteurs. Par exemple, identifier des sites ou des esp\u00e8ces uniques d&#039;importance pour la conservation, ou faire conna\u00eetre les programmes et projets de conservation en cours dans la r\u00e9gion auxquels les visiteurs peuvent participer ou qu&#039;ils peuvent soutenir.<\/p><p><strong>2- Nous faisons des recherches.<\/strong><br \/>Nous disposons d&#039;informations pr\u00e9cises sur chacun des domaines cl\u00e9s identifi\u00e9s et v\u00e9rifions ces informations \u00e0 l&#039;aide d&#039;ouvrages de r\u00e9f\u00e9rence, de revues scientifiques, de documentaires, de professionnels, de personnes locales bien inform\u00e9es ou d&#039;organismes de conservation ou de groupes d&#039;int\u00e9r\u00eat reconnus.<\/p><p>Nous fournissons aux visiteurs des informations pr\u00e9cises pour garantir que nous r\u00e9pondons aux attentes des clients, offrons une exp\u00e9rience s\u00fbre et de haute qualit\u00e9 et maintenons notre r\u00e9putation de fournisseur de services de haute qualit\u00e9.<\/p><p><strong>3- Nous comprenons notre public.<\/strong><br \/>Les perceptions, les int\u00e9r\u00eats, les connaissances, les niveaux de comp\u00e9tences et les motivations du public nous aideront \u00e0 d\u00e9cider quelles informations pr\u00e9senter et comment le faire au mieux. Nous comprenons \u00e9galement que nos clients sont toujours diff\u00e9rents et nous croyons en un tourisme accessible \u00e0 tous.<\/p><p>Nous recueillons les commentaires et r\u00e9troactions formels ou informels des clients pendant et apr\u00e8s la visite afin d\u2019\u00e9valuer la pertinence et la pertinence des programmes d\u2019interpr\u00e9tation.<\/p><p><strong>4- La taille du groupe doit \u00eatre g\u00e9rable et agr\u00e9able.\u00a0<\/strong>Les petits groupes sont toujours plus faciles \u00e0 g\u00e9rer et permettent de d\u00e9velopper une approche plus personnelle et personnalis\u00e9e. Ils permettent \u00e9galement de maintenir plus facilement l&#039;attention des invit\u00e9s et d&#039;encourager les discussions et les interactions au sein du groupe.<\/p><p><strong>5- Nous consultons les organismes de conservation et de tourisme<\/strong>, car il peut exister des m\u00e9dias et du mat\u00e9riel existants que vous pouvez facilement appliquer \u00e0 l&#039;\u00e9laboration d&#039;un programme d&#039;interpr\u00e9tation dans le cadre d&#039;un circuit donn\u00e9.<\/p><h2>Engagement aupr\u00e8s des communaut\u00e9s locales<\/h2><p><strong>1- Nous serons attentifs \u00e0 tout comportement inappropri\u00e9<\/strong> et l&#039;interpr\u00e9tation concernant le patrimoine, la culture et les personnes, afin que nous puissions \u00e9viter les sites sensibles ou priv\u00e9s lors de la visite.<\/p><p><strong>2- Nous gardons les visiteurs dans des zones et des itin\u00e9raires d\u00e9finis<\/strong> et utiliser des infrastructures et des services partag\u00e9s en dehors des heures de pointe pour aider \u00e0 minimiser les perturbations pour les r\u00e9sidents locaux.<\/p><p><strong>3- Nous encourageons les visiteurs \u00e0 soutenir les entreprises locales<\/strong>:nous privil\u00e9gions les h\u00f4tels et les transports locaux plut\u00f4t que les entreprises multinationales ou \u00e9trang\u00e8res ; nous recommandons \u00e0 nos clients de visiter et d&#039;interagir avec les communaut\u00e9s locales autant que possible ; nous leur recommandons d&#039;acheter local et \u00e9cologique ; nous embauchons des guides et des chauffeurs costariciens et les r\u00e9mun\u00e9rons de mani\u00e8re appropri\u00e9e.<\/p><p><strong>4- Nous offrons et facilitons les opportunit\u00e9s aux touristes<\/strong> faire des dons volontaires pour soutenir des projets de d\u00e9veloppement communautaire : nous identifierons les projets et communiquerons la description et les objectifs aux touristes afin qu&#039;ils sachent comment leurs contributions sont utilis\u00e9es.<\/p><h2>Interagir avec la faune<\/h2><p><strong>1- Nous garderons la taille des groupes aussi petite que possible<\/strong> pour \u00e9viter de perturber la faune et les espaces naturels.<\/p><p><strong>2- Nos guides v\u00e9rifieront aupr\u00e8s des responsables du parc<\/strong> concernant les consignes ou les zones sensibles \u00e0 ne pas visiter. Les itin\u00e9raires que nous emprunterons seront s\u00fbrs et r\u00e9duiront les impacts n\u00e9gatifs sur la faune : nous veillerons \u00e0 ce que nos groupes restent sur les sentiers d\u00e9sign\u00e9s.<\/p><p><strong>3- Nous \u00e9viterons de manipuler et de nourrir les animaux sauvages.<\/strong> Si la manipulation ou l\u2019alimentation est n\u00e9cessaire en raison d\u2019un projet de conservation, elle doit suivre les directives appropri\u00e9es et \u00eatre effectu\u00e9e par du personnel qualifi\u00e9 ou selon les directives du responsable du projet.<\/p><h2>Transport<\/h2><p><strong>1- Nous prenons en compte l&#039;efficacit\u00e9 \u00e9nerg\u00e9tique lors de l&#039;achat de v\u00e9hicules<\/strong>: minimiser la consommation de carburant ou utiliser des \u00e9nergies renouvelables.<\/p><p><strong>2-<\/strong> <strong>Nous choisissons les itin\u00e9raires et les horaires <\/strong>qui minimisent la congestion et la distance parcourue.<\/p><p><strong>3- Nous utilisons des v\u00e9hicules avec des si\u00e8ges ou une cylindr\u00e9e adapt\u00e9s <\/strong>requis pour la visite sp\u00e9cifique et la taille du groupe<\/p><p><strong>4- Nous apprenons \u00e0 nos chauffeurs \u00e0 pratiquer de bonnes techniques de conduite<\/strong> r\u00e9duire la consommation de gaz, notamment en r\u00e9duisant les temps de ralenti, en roulant \u00e0 vitesse constante et en freinant lentement, en utilisant des v\u00e9hicules \u00e0 deux roues motrices plut\u00f4t qu&#039;\u00e0 quatre roues motrices lorsque cela est possible.<\/p><h2>Contribuer \u00e0 la conservation<\/h2><p><strong>1- Nous utilisons de bonnes pratiques de conservation<\/strong> dans des domaines tels que la gestion des d\u00e9chets, l\u2019utilisation de l\u2019eau et de l\u2019\u00e9nergie, et la mani\u00e8re dont les paysages, l\u2019habitat et la faune sont utilis\u00e9s dans les activit\u00e9s touristiques.<\/p><p><strong>2-<\/strong> <strong>Nous rechercherons des projets de conservation<\/strong> soutenir directement ou indirectement.<\/p><p><strong>3- Nous choisissons des fournisseurs responsables<\/strong> qui d\u00e9montrent de bonnes pratiques environnementales.<\/p><h2>Randonn\u00e9es et balades dans la nature<\/h2><p><strong>1- Nous utilisons uniquement des pistes et des sites \u00e9tablis<\/strong> dans la mesure du possible ; lors du choix des itin\u00e9raires, nous ne d\u00e9frichons pas de nouvelles zones ou pistes, afin de minimiser l&#039;\u00e9rosion et le d\u00e9frichement des habitats.<\/p><p><strong>2- Nous emporterons tous les d\u00e9chets<\/strong> et gaspillez autant que possible.<\/p><p><strong>3- Nous veillerons \u00e0 ce que les risques pour la sant\u00e9 et la s\u00e9curit\u00e9<\/strong>, les proc\u00e9dures d\u2019urgence et l\u2019utilisation appropri\u00e9e des \u00e9quipements de s\u00e9curit\u00e9 sp\u00e9cifiques \u00e0 chaque type d\u2019activit\u00e9 et d\u2019environnement, seront discut\u00e9es avant de commencer toute activit\u00e9.<\/p><h2>Soutenez nos efforts pour devenir un planificateur de voyage responsable en suivant ces conseils<\/h2><h3>Conseils g\u00e9n\u00e9raux<\/h3><p>Ne laissez jamais vos d\u00e9chets derri\u00e8re vous, surtout si vous visitez des espaces naturels. Assurez-vous de les rapporter avec vous et de les \u00e9liminer correctement d\u00e8s que vous en avez l&#039;occasion.<\/p><p>N&#039;endommagez pas les espaces naturels que vous visitez, ni les infrastructures que vous trouvez dans les parcs nationaux, les communaut\u00e9s locales ou tout autre endroit que vous visitez pendant votre voyage.<\/p><p>Le tourisme est une excellente occasion de canaliser vos d\u00e9penses de la mani\u00e8re la plus responsable possible : achetez dans les magasins et restaurants locaux ; dans la mesure du possible, achetez des produits fabriqu\u00e9s localement.<\/p><p>Si vous recevez ces instructions, portez toujours un \u00e9quipement sp\u00e9cial ou des dispositifs de protection individuelle.<\/p><p>S&#039;engager aupr\u00e8s des communaut\u00e9s locales, \u00eatre respectueux et poli \u00e0 tout moment.<\/p><p>Ne prenez pas de photos non sollicit\u00e9es des gens.<\/p><p>Ne p\u00e9n\u00e9trez pas dans une propri\u00e9t\u00e9 priv\u00e9e.<\/p><p>Ne pr\u00e9sumez pas que les locaux parlent votre langue : apprenez et parlez autant espagnol que possible pour interagir avec les communaut\u00e9s locales.<\/p><p>Essayez la nourriture et les boissons locales : cela rendra votre voyage plus authentique !<\/p><h3>Interagir avec la faune<\/h3><p>Ne faites pas de bruit et ne d\u00e9rangez pas \u00e0 proximit\u00e9 des animaux sauvages, des zones de nidification, de reproduction ou d\u2019alimentation.<\/p><p>Lors de randonn\u00e9es dans des espaces naturels, \u00e9vitez de porter des v\u00eatements de couleurs vives : le vert, le marron, le beige sont des couleurs id\u00e9ales pour les randonn\u00e9es sur les sentiers et dans les parcs nationaux.<\/p><p>Restez sur le chemin indiqu\u00e9.<\/p><h3>Transport<\/h3><p>Maximisez le temps pass\u00e9 \u00e0 l\u2019ext\u00e9rieur du v\u00e9hicule pour y inclure la marche ou d\u2019autres activit\u00e9s.<\/p><p>Dans la mesure du possible, utilisez des moyens de transport alternatifs (v\u00e9lo, kayak, \u00e9quitation, transports en commun).<\/p><h3>Contribuer \u00e0 la conservation<\/h3><p>N\u2019emportez PAS de souvenirs provenant d\u2019esp\u00e8ces rares ou menac\u00e9es.<\/p><p>Merci de nous faire savoir, \u00e0 vous, votre agence de voyages au Costa Rica, si vous souhaitez participer pendant votre voyage avec nous \u00e0 des activit\u00e9s pour aider les espaces naturels ou les communaut\u00e9s locales, comme par exemple :<\/p><ul><li>r\u00e9habilitation et rev\u00e9g\u00e9talisation des zones\/sites touristiques ;<\/li><li>surveillance des observations ou des preuves de la pr\u00e9sence d&#039;animaux indig\u00e8nes et non indig\u00e8nes (excr\u00e9ments, empreintes de pas ou creusements) ;<\/li><li>surveillance et entretien de l&#039;\u00e9tat des pistes\/campings<\/li><li>collecte et enl\u00e8vement des ordures m\u00e9nag\u00e8res.<\/li><\/ul><p>Demandez-nous comment et o\u00f9 vous pouvez faire un don aux activit\u00e9s de conservation.<\/p>\t\t\t\t\t\t<\/div>\n\t\t\t\t<\/div>\n\t\t\t\t\t<\/div>\n\t\t<\/div>\n\t\t\t\t\t<\/div>\n\t\t<\/div>\n\t\t\t\t<div class=\"elementor-section elementor-top-section elementor-element elementor-element-4166e26 elementor-section-stretched elementor-section-boxed elementor-section-height-default elementor-section-height-default\" data-id=\"4166e26\" data-element_type=\"section\" data-settings=\"{&quot;stretch_section&quot;:&quot;section-stretched&quot;,&quot;background_background&quot;:&quot;classic&quot;}\">\n\t\t\t\t\t\t<div class=\"elementor-container elementor-column-gap-no\">\n\t\t\t\t\t<div class=\"elementor-column elementor-col-100 elementor-top-column elementor-element elementor-element-a3a918e\" data-id=\"a3a918e\" data-element_type=\"column\">\n\t\t\t<div class=\"elementor-widget-wrap elementor-element-populated\">\n\t\t\t\t\t\t<div class=\"elementor-element elementor-element-2f08e01 elementor-widget elementor-widget-text-editor\" data-id=\"2f08e01\" data-element_type=\"widget\" data-widget_type=\"text-editor.default\">\n\t\t\t\t<div class=\"elementor-widget-container\">\n\t\t\t\t\t\t\t<p>Partez pour votre aventure ultime au Costa Rica<\/p>\t\t\t\t\t\t<\/div>\n\t\t\t\t<\/div>\n\t\t\t\t<div class=\"elementor-element elementor-element-dbd58f1 elementor-widget elementor-widget-heading\" data-id=\"dbd58f1\" data-element_type=\"widget\" data-widget_type=\"heading.default\">\n\t\t\t\t<div class=\"elementor-widget-container\">\n\t\t\t<h2 class=\"elementor-heading-title elementor-size-default\">D\u00e9couvrez le meilleur du Costa Rica gr\u00e2ce \u00e0 notre expertise locale<\/h2>\t\t<\/div>\n\t\t\t\t<\/div>\n\t\t\t\t<div class=\"elementor-element elementor-element-b2589ce elementor-widget elementor-widget-text-editor\" data-id=\"b2589ce\" data-element_type=\"widget\" data-widget_type=\"text-editor.default\">\n\t\t\t\t<div class=\"elementor-widget-container\">\n\t\t\t\t\t\t\t<p>Pr\u00e9parez-vous \u00e0 vivre une aventure inoubliable au Costa Rica ! Explorez des paysages \u00e9poustouflants, plongez dans une biodiversit\u00e9 extraordinaire et adonnez-vous \u00e0 des activit\u00e9s exaltantes. Gr\u00e2ce \u00e0 notre expertise locale, nous vous guiderons vers des exp\u00e9riences inoubliables. R\u00e9servez d\u00e8s maintenant et embarquez pour votre aventure avec nous !<\/p>\t\t\t\t\t\t<\/div>\n\t\t\t\t<\/div>\n\t\t\t\t<div class=\"elementor-element elementor-element-d572e00 elementor-align-center elementor-mobile-align-center elementor-invisible elementor-widget elementor-widget-button\" data-id=\"d572e00\" data-element_type=\"widget\" data-settings=\"{&quot;_animation&quot;:&quot;opal-move-right&quot;}\" data-widget_type=\"button.default\">\n\t\t\t\t<div class=\"elementor-widget-container\">\n\t\t\t\t\t<div class=\"elementor-button-wrapper\">\n\t\t\t<a class=\"elementor-button elementor-button-link elementor-size-sm\" href=\"https:\/\/www.elementonatural.com\/fr\/contact\/\">\n\t\t\t\t\t\t<span class=\"elementor-button-content-wrapper\">\n\t\t\t\t\t\t<span class=\"elementor-button-icon\">\n\t\t\t\t<i aria-hidden=\"true\" class=\"triply-icon- triply-icon-long-arrow-right\"><\/i>\t\t\t<\/span>\n\t\t\t\t\t\t\t\t\t<span class=\"elementor-button-text\">Contactez-nous<\/span>\n\t\t\t\t\t<\/span>\n\t\t\t\t\t<\/a>\n\t\t<\/div>\n\t\t\t\t<\/div>\n\t\t\t\t<\/div>\n\t\t\t\t\t<\/div>\n\t\t<\/div>\n\t\t\t\t\t<\/div>\n\t\t<\/div>\n\t\t\t\t<\/div>","protected":false},"excerpt":{"rendered":"<p>Sustainability Elemento Natural holds the CST Level 3 (Certificate for Sustainability in Tourism, by the ICT \u2013 Costa Rica Tourism Board) Elemento Natural\u2019s sustainability policy The following is a summary of Elemento Natural\u2019s sustainability policy that helps us help YOU make a responsible trip and a sustainable travel, when you visit Costa Rica. Visitor Education [&hellip;]<\/p>","protected":false},"author":1,"featured_media":0,"parent":0,"menu_order":0,"comment_status":"closed","ping_status":"closed","template":"","meta":{"footnotes":""},"class_list":["post-11476","page","type-page","status-publish","hentry"],"yoast_head":"<!-- This site is optimized with the Yoast SEO Premium plugin v24.2 (Yoast SEO v24.2) - https:\/\/yoast.com\/wordpress\/plugins\/seo\/ -->\n<title>Sustainability - Elemento Natural<\/title>\n<meta name=\"description\" content=\"Elemento Natural\u2019s sustainability policy that helps us help YOU make a responsible trip and a sustainable travel, when you visit Costa Rica.\" \/>\n<meta name=\"robots\" content=\"index, follow, max-snippet:-1, max-image-preview:large, max-video-preview:-1\" \/>\n<link rel=\"canonical\" href=\"https:\/\/www.elementonatural.com\/fr\/sustainability\/\" \/>\n<meta property=\"og:locale\" content=\"fr_FR\" \/>\n<meta property=\"og:type\" content=\"article\" \/>\n<meta property=\"og:title\" content=\"Sustainability\" \/>\n<meta property=\"og:description\" content=\"Elemento Natural\u2019s sustainability policy that helps us help YOU make a responsible trip and a sustainable travel, when you visit Costa Rica.\" \/>\n<meta property=\"og:url\" content=\"https:\/\/www.elementonatural.com\/fr\/sustainability\/\" \/>\n<meta property=\"og:site_name\" content=\"Elemento Natural\" \/>\n<meta property=\"article:modified_time\" content=\"2025-01-14T02:10:15+00:00\" \/>\n<meta name=\"twitter:card\" content=\"summary_large_image\" \/>\n<meta name=\"twitter:label1\" content=\"Dur\u00e9e de lecture estim\u00e9e\" \/>\n\t<meta name=\"twitter:data1\" content=\"6 minutes\" \/>\n<!-- \/ Yoast SEO Premium plugin. -->","yoast_head_json":{"title":"Sustainability - Elemento Natural","description":"Elemento Natural\u2019s sustainability policy that helps us help YOU make a responsible trip and a sustainable travel, when you visit Costa Rica.","robots":{"index":"index","follow":"follow","max-snippet":"max-snippet:-1","max-image-preview":"max-image-preview:large","max-video-preview":"max-video-preview:-1"},"canonical":"https:\/\/www.elementonatural.com\/fr\/sustainability\/","og_locale":"fr_FR","og_type":"article","og_title":"Sustainability","og_description":"Elemento Natural\u2019s sustainability policy that helps us help YOU make a responsible trip and a sustainable travel, when you visit Costa Rica.","og_url":"https:\/\/www.elementonatural.com\/fr\/sustainability\/","og_site_name":"Elemento Natural","article_modified_time":"2025-01-14T02:10:15+00:00","twitter_card":"summary_large_image","twitter_misc":{"Dur\u00e9e de lecture estim\u00e9e":"6 minutes"},"schema":{"@context":"https:\/\/schema.org","@graph":[{"@type":"WebPage","@id":"https:\/\/www.elementonatural.com\/es\/sustainability\/","url":"https:\/\/www.elementonatural.com\/es\/sustainability\/","name":"Sustainability - Elemento Natural","isPartOf":{"@id":"https:\/\/www.elementonatural.com\/#website"},"datePublished":"2024-10-26T16:13:40+00:00","dateModified":"2025-01-14T02:10:15+00:00","description":"Elemento Natural\u2019s sustainability policy that helps us help YOU make a responsible trip and a sustainable travel, when you visit Costa Rica.","breadcrumb":{"@id":"https:\/\/www.elementonatural.com\/es\/sustainability\/#breadcrumb"},"inLanguage":"fr-FR","potentialAction":[{"@type":"ReadAction","target":["https:\/\/www.elementonatural.com\/es\/sustainability\/"]}]},{"@type":"BreadcrumbList","@id":"https:\/\/www.elementonatural.com\/es\/sustainability\/#breadcrumb","itemListElement":[{"@type":"ListItem","position":1,"name":"Home","item":"https:\/\/www.elementonatural.com\/"},{"@type":"ListItem","position":2,"name":"Sustainability"}]},{"@type":"WebSite","@id":"https:\/\/www.elementonatural.com\/#website","url":"https:\/\/www.elementonatural.com\/","name":"Elemento Natural","description":"Travel Agency - Costa Rica","publisher":{"@id":"https:\/\/www.elementonatural.com\/#organization"},"potentialAction":[{"@type":"SearchAction","target":{"@type":"EntryPoint","urlTemplate":"https:\/\/www.elementonatural.com\/?s={search_term_string}"},"query-input":{"@type":"PropertyValueSpecification","valueRequired":true,"valueName":"search_term_string"}}],"inLanguage":"fr-FR"},{"@type":"Organization","@id":"https:\/\/www.elementonatural.com\/#organization","name":"Elemento Natural","url":"https:\/\/www.elementonatural.com\/","logo":{"@type":"ImageObject","inLanguage":"fr-FR","@id":"https:\/\/www.elementonatural.com\/#\/schema\/logo\/image\/","url":"https:\/\/www.elementonatural.com\/wp-content\/uploads\/2024\/08\/logo-elemento-natural.png","contentUrl":"https:\/\/www.elementonatural.com\/wp-content\/uploads\/2024\/08\/logo-elemento-natural.png","width":860,"height":280,"caption":"Elemento Natural"},"image":{"@id":"https:\/\/www.elementonatural.com\/#\/schema\/logo\/image\/"}}]}},"_links":{"self":[{"href":"https:\/\/www.elementonatural.com\/fr\/wp-json\/wp\/v2\/pages\/11476","targetHints":{"allow":["GET"]}}],"collection":[{"href":"https:\/\/www.elementonatural.com\/fr\/wp-json\/wp\/v2\/pages"}],"about":[{"href":"https:\/\/www.elementonatural.com\/fr\/wp-json\/wp\/v2\/types\/page"}],"author":[{"embeddable":true,"href":"https:\/\/www.elementonatural.com\/fr\/wp-json\/wp\/v2\/users\/1"}],"replies":[{"embeddable":true,"href":"https:\/\/www.elementonatural.com\/fr\/wp-json\/wp\/v2\/comments?post=11476"}],"version-history":[{"count":10,"href":"https:\/\/www.elementonatural.com\/fr\/wp-json\/wp\/v2\/pages\/11476\/revisions"}],"predecessor-version":[{"id":11817,"href":"https:\/\/www.elementonatural.com\/fr\/wp-json\/wp\/v2\/pages\/11476\/revisions\/11817"}],"wp:attachment":[{"href":"https:\/\/www.elementonatural.com\/fr\/wp-json\/wp\/v2\/media?parent=11476"}],"curies":[{"name":"wp","href":"https:\/\/api.w.org\/{rel}","templated":true}]}}