{"id":11487,"date":"2024-10-26T10:28:08","date_gmt":"2024-10-26T16:28:08","guid":{"rendered":"https:\/\/www.elementonatural.com\/?page_id=11487"},"modified":"2025-01-13T20:11:36","modified_gmt":"2025-01-14T02:11:36","slug":"code-of-conduct","status":"publish","type":"page","link":"https:\/\/www.elementonatural.com\/fr\/code-of-conduct\/","title":{"rendered":"Code de conduite"},"content":{"rendered":"<div data-elementor-type=\"wp-page\" data-elementor-id=\"11487\" class=\"elementor elementor-11487\" data-elementor-post-type=\"page\">\n\t\t\t\t\t\t<div class=\"elementor-section elementor-top-section elementor-element elementor-element-8c8c065 elementor-section-height-min-height elementor-section-stretched elementor-section-boxed elementor-section-height-default elementor-section-items-middle\" data-id=\"8c8c065\" data-element_type=\"section\" data-e-type=\"section\" data-settings=\"{&quot;stretch_section&quot;:&quot;section-stretched&quot;,&quot;background_background&quot;:&quot;classic&quot;}\">\n\t\t\t\t\t\t\t<div class=\"elementor-background-overlay\"><\/div>\n\t\t\t\t\t\t\t<div class=\"elementor-container elementor-column-gap-no\">\n\t\t\t\t\t<div class=\"elementor-column elementor-col-100 elementor-top-column elementor-element elementor-element-e7c79c9\" data-id=\"e7c79c9\" data-element_type=\"column\" data-e-type=\"column\">\n\t\t\t<div class=\"elementor-widget-wrap elementor-element-populated\">\n\t\t\t\t\t\t<div class=\"elementor-element elementor-element-56ddb65 elementor-widget elementor-widget-heading\" data-id=\"56ddb65\" data-element_type=\"widget\" data-e-type=\"widget\" data-settings=\"{&quot;motion_fx_motion_fx_scrolling&quot;:&quot;yes&quot;,&quot;motion_fx_translateX_effect&quot;:&quot;yes&quot;,&quot;motion_fx_translateX_speed&quot;:{&quot;unit&quot;:&quot;px&quot;,&quot;size&quot;:2,&quot;sizes&quot;:[]},&quot;motion_fx_translateX_direction&quot;:&quot;negative&quot;,&quot;motion_fx_translateX_affectedRange&quot;:{&quot;unit&quot;:&quot;%&quot;,&quot;size&quot;:&quot;&quot;,&quot;sizes&quot;:{&quot;start&quot;:0,&quot;end&quot;:100}},&quot;motion_fx_devices&quot;:[&quot;desktop&quot;,&quot;tablet&quot;,&quot;mobile&quot;]}\" data-widget_type=\"heading.default\">\n\t\t\t\t<div class=\"elementor-widget-container\">\n\t\t\t\t\t<h1 class=\"elementor-heading-title elementor-size-default\">Code de conduite<\/h1>\t\t\t\t<\/div>\n\t\t\t\t<\/div>\n\t\t\t\t\t<\/div>\n\t\t<\/div>\n\t\t\t\t\t<\/div>\n\t\t<\/div>\n\t\t\t\t<div class=\"elementor-section elementor-top-section elementor-element elementor-element-b057c37 elementor-section-stretched elementor-section-boxed elementor-section-height-default elementor-section-height-default elementor-invisible\" data-id=\"b057c37\" data-element_type=\"section\" data-e-type=\"section\" data-settings=\"{&quot;stretch_section&quot;:&quot;section-stretched&quot;,&quot;animation&quot;:&quot;fadeIn&quot;}\">\n\t\t\t\t\t\t<div class=\"elementor-container elementor-column-gap-no\">\n\t\t\t\t\t<div class=\"elementor-column elementor-col-100 elementor-top-column elementor-element elementor-element-3e06728\" data-id=\"3e06728\" data-element_type=\"column\" data-e-type=\"column\">\n\t\t\t<div class=\"elementor-widget-wrap elementor-element-populated\">\n\t\t\t\t\t\t<div class=\"elementor-element elementor-element-8f7bf07 elementor-widget__width-initial elementor-widget elementor-widget-text-editor\" data-id=\"8f7bf07\" data-element_type=\"widget\" data-e-type=\"widget\" data-widget_type=\"text-editor.default\">\n\t\t\t\t<div class=\"elementor-widget-container\">\n\t\t\t\t\t\t\t\t\t<div><h3 style=\"text-align: center;\">Elemento Natural dispose d&#039;un code de conduite pour prot\u00e9ger les enfants et les adolescents contre l&#039;exploitation sexuelle dans les voyages et le tourisme :<\/h3><div>1. <strong>Nous rejetons<\/strong> L&#039;exploitation sexuelle commerciale des enfants, des adolescents et de toute autre personne au Costa Rica et partout dans le monde, notamment lorsqu&#039;elle est li\u00e9e au tourisme, est une conduite pr\u00e9judiciable aux droits fondamentaux de l&#039;homme et constitue une activit\u00e9 antagoniste de ce que devrait \u00eatre le tourisme : une activit\u00e9 qui favorise la paix, les droits de l&#039;homme, la compr\u00e9hension mutuelle, le respect de tous les pays et de toutes les cultures, et le d\u00e9veloppement durable.<\/div><div>\u00a0<\/div><div>2. <strong>Nous accusons et condamnons<\/strong> quiconque utilise le tourisme ou ses infrastructures et services pour promouvoir, faciliter ou tol\u00e9rer tout type d&#039;exploitation sexuelle, en particulier contre les enfants et les jeunes ; c&#039;est pourquoi nous avons \u00e9tabli notre Code de conduite pour prot\u00e9ger les enfants et les adolescents contre l&#039;exploitation sexuelle dans les voyages et le tourisme, contenant les \u00e9l\u00e9ments suivants :<\/div><div>\u00a0<\/div><div>\u00a0<\/div><div><b>Nos responsabilit\u00e9s sont :<\/b><\/div><div>\u00a0<\/div><ol><li>Nous rendons publique notre politique \u00e9thique, affirmant clairement le rejet total de l\u2019exploitation sexuelle commerciale des enfants ou de toute autre personne.<\/li><li>Nous formons notre personnel afin que chacun connaisse, comprenne et vive selon notre code et les pratiques et politiques communes adopt\u00e9es par notre entreprise en mati\u00e8re d&#039;exploitation sexuelle des enfants et des jeunes. De cette fa\u00e7on, nos employ\u00e9s seront en mesure de g\u00e9rer correctement toute situation li\u00e9e \u00e0 ce sujet, dans l&#039;ex\u00e9cution de leurs t\u00e2ches quotidiennes. Nos employ\u00e9s deviendront alors des agents de pr\u00e9vention dans la protection des enfants.<\/li><li>Nous effectuons des v\u00e9rifications des ant\u00e9c\u00e9dents de tous nos employ\u00e9s et membres de notre \u00e9quipe, afin de garantir qu&#039;il n&#039;y a aucun risque implicite dans le fonctionnement quotidien de nos circuits, en particulier avec les groupes d&#039;\u00e9tudiants et les groupes avec des mineurs ou des participants de moins de 18 ans.<\/li><li>Nous utiliserons des symboles externes pour que nos clients et fournisseurs connaissent notre position contre l&#039;exploitation sexuelle des enfants et des adolescents, sous toutes ses formes possibles.<\/li><li>Nous pr\u00e9senterons un rapport annuel \u00e0 l&#039;Association Costaricienne des Professionnels du Tourisme et \u00e0 l&#039;Association Costaricienne des Op\u00e9rateurs Touristiques, en copiant la Fondation Paniamor en tant qu&#039;organisation affili\u00e9e \u00e0 ECPAT International au Costa Rica ; ce rapport r\u00e9sumera toutes les activit\u00e9s que notre entreprise a d\u00e9velopp\u00e9es dans ce domaine.<\/li><\/ol><\/div>\t\t\t\t\t\t\t\t<\/div>\n\t\t\t\t<\/div>\n\t\t\t\t\t<\/div>\n\t\t<\/div>\n\t\t\t\t\t<\/div>\n\t\t<\/div>\n\t\t\t\t<div class=\"elementor-section elementor-top-section elementor-element elementor-element-4166e26 elementor-section-stretched elementor-section-boxed elementor-section-height-default elementor-section-height-default\" data-id=\"4166e26\" data-element_type=\"section\" data-e-type=\"section\" data-settings=\"{&quot;stretch_section&quot;:&quot;section-stretched&quot;,&quot;background_background&quot;:&quot;classic&quot;}\">\n\t\t\t\t\t\t<div class=\"elementor-container elementor-column-gap-no\">\n\t\t\t\t\t<div class=\"elementor-column elementor-col-100 elementor-top-column elementor-element elementor-element-a3a918e\" data-id=\"a3a918e\" data-element_type=\"column\" data-e-type=\"column\">\n\t\t\t<div class=\"elementor-widget-wrap elementor-element-populated\">\n\t\t\t\t\t\t<div class=\"elementor-element elementor-element-2f08e01 elementor-widget elementor-widget-text-editor\" data-id=\"2f08e01\" data-element_type=\"widget\" data-e-type=\"widget\" data-widget_type=\"text-editor.default\">\n\t\t\t\t<div class=\"elementor-widget-container\">\n\t\t\t\t\t\t\t\t\t<p>Partez pour votre aventure ultime au Costa Rica<\/p>\t\t\t\t\t\t\t\t<\/div>\n\t\t\t\t<\/div>\n\t\t\t\t<div class=\"elementor-element elementor-element-dbd58f1 elementor-widget elementor-widget-heading\" data-id=\"dbd58f1\" data-element_type=\"widget\" data-e-type=\"widget\" data-widget_type=\"heading.default\">\n\t\t\t\t<div class=\"elementor-widget-container\">\n\t\t\t\t\t<h2 class=\"elementor-heading-title elementor-size-default\">D\u00e9couvrez le meilleur du Costa Rica gr\u00e2ce \u00e0 notre expertise locale<\/h2>\t\t\t\t<\/div>\n\t\t\t\t<\/div>\n\t\t\t\t<div class=\"elementor-element elementor-element-b2589ce elementor-widget elementor-widget-text-editor\" data-id=\"b2589ce\" data-element_type=\"widget\" data-e-type=\"widget\" data-widget_type=\"text-editor.default\">\n\t\t\t\t<div class=\"elementor-widget-container\">\n\t\t\t\t\t\t\t\t\t<p>Pr\u00e9parez-vous \u00e0 vivre une aventure inoubliable au Costa Rica ! Explorez des paysages \u00e9poustouflants, plongez dans une biodiversit\u00e9 extraordinaire et adonnez-vous \u00e0 des activit\u00e9s exaltantes. Gr\u00e2ce \u00e0 notre expertise locale, nous vous guiderons vers des exp\u00e9riences inoubliables. R\u00e9servez d\u00e8s maintenant et embarquez pour votre aventure avec nous !<\/p>\t\t\t\t\t\t\t\t<\/div>\n\t\t\t\t<\/div>\n\t\t\t\t<div class=\"elementor-element elementor-element-d572e00 elementor-align-center elementor-mobile-align-center elementor-invisible elementor-widget elementor-widget-button\" data-id=\"d572e00\" data-element_type=\"widget\" data-e-type=\"widget\" data-settings=\"{&quot;_animation&quot;:&quot;opal-move-right&quot;}\" data-widget_type=\"button.default\">\n\t\t\t\t<div class=\"elementor-widget-container\">\n\t\t\t\t\t\t\t\t\t<div class=\"elementor-button-wrapper\">\n\t\t\t\t\t<a class=\"elementor-button elementor-button-link elementor-size-sm\" href=\"https:\/\/www.elementonatural.com\/fr\/contact\/\">\n\t\t\t\t\t\t<span class=\"elementor-button-content-wrapper\">\n\t\t\t\t\t\t<span class=\"elementor-button-icon\">\n\t\t\t\t<i aria-hidden=\"true\" class=\"triply-icon- triply-icon-long-arrow-right\"><\/i>\t\t\t<\/span>\n\t\t\t\t\t\t\t\t\t<span class=\"elementor-button-text\">Contactez-nous<\/span>\n\t\t\t\t\t<\/span>\n\t\t\t\t\t<\/a>\n\t\t\t\t<\/div>\n\t\t\t\t\t\t\t\t<\/div>\n\t\t\t\t<\/div>\n\t\t\t\t\t<\/div>\n\t\t<\/div>\n\t\t\t\t\t<\/div>\n\t\t<\/div>\n\t\t\t\t<\/div>","protected":false},"excerpt":{"rendered":"<p>Code of Conduct Elemento Natural has a code of conduct to protect children and adolescents from sexual exploitation in travel and tourism: 1. We reject comercial sexual exploitation of children, adolescents and any other person in Costa Rica and anywhere in the world, particularly when related to tourism, being a conduct that is harmful to [&hellip;]<\/p>","protected":false},"author":1,"featured_media":0,"parent":0,"menu_order":0,"comment_status":"closed","ping_status":"closed","template":"","meta":{"footnotes":""},"class_list":["post-11487","page","type-page","status-publish","hentry"],"yoast_head":"<!-- This site is optimized with the Yoast SEO Premium plugin v24.2 (Yoast SEO v27.3) - https:\/\/yoast.com\/product\/yoast-seo-premium-wordpress\/ -->\n<title>Code of Conduct - Elemento Natural<\/title>\n<meta name=\"description\" content=\"Elemento Natural has a code of conduct to protect children and adolescents from sexual exploitation in travel and tourism\" \/>\n<meta name=\"robots\" content=\"index, follow, max-snippet:-1, max-image-preview:large, max-video-preview:-1\" \/>\n<link rel=\"canonical\" href=\"https:\/\/www.elementonatural.com\/fr\/code-of-conduct\/\" \/>\n<meta property=\"og:locale\" content=\"fr_FR\" \/>\n<meta property=\"og:type\" content=\"article\" \/>\n<meta property=\"og:title\" content=\"Code of Conduct\" \/>\n<meta property=\"og:description\" content=\"Elemento Natural has a code of conduct to protect children and adolescents from sexual exploitation in travel and tourism\" \/>\n<meta property=\"og:url\" content=\"https:\/\/www.elementonatural.com\/fr\/code-of-conduct\/\" \/>\n<meta property=\"og:site_name\" content=\"Elemento Natural\" \/>\n<meta property=\"article:modified_time\" content=\"2025-01-14T02:11:36+00:00\" \/>\n<meta name=\"twitter:card\" content=\"summary_large_image\" \/>\n<meta name=\"twitter:label1\" content=\"Dur\u00e9e de lecture estim\u00e9e\" \/>\n\t<meta name=\"twitter:data1\" content=\"2 minutes\" \/>\n<!-- \/ Yoast SEO Premium plugin. -->","yoast_head_json":{"title":"Code of Conduct - Elemento Natural","description":"Elemento Natural has a code of conduct to protect children and adolescents from sexual exploitation in travel and tourism","robots":{"index":"index","follow":"follow","max-snippet":"max-snippet:-1","max-image-preview":"max-image-preview:large","max-video-preview":"max-video-preview:-1"},"canonical":"https:\/\/www.elementonatural.com\/fr\/code-of-conduct\/","og_locale":"fr_FR","og_type":"article","og_title":"Code of Conduct","og_description":"Elemento Natural has a code of conduct to protect children and adolescents from sexual exploitation in travel and tourism","og_url":"https:\/\/www.elementonatural.com\/fr\/code-of-conduct\/","og_site_name":"Elemento Natural","article_modified_time":"2025-01-14T02:11:36+00:00","twitter_card":"summary_large_image","twitter_misc":{"Dur\u00e9e de lecture estim\u00e9e":"2 minutes"},"schema":{"@context":"https:\/\/schema.org","@graph":[{"@type":"WebPage","@id":"https:\/\/www.elementonatural.com\/code-of-conduct\/","url":"https:\/\/www.elementonatural.com\/code-of-conduct\/","name":"Code of Conduct - Elemento Natural","isPartOf":{"@id":"https:\/\/www.elementonatural.com\/#website"},"datePublished":"2024-10-26T16:28:08+00:00","dateModified":"2025-01-14T02:11:36+00:00","description":"Elemento Natural has a code of conduct to protect children and adolescents from sexual exploitation in travel and tourism","breadcrumb":{"@id":"https:\/\/www.elementonatural.com\/code-of-conduct\/#breadcrumb"},"inLanguage":"fr-FR","potentialAction":[{"@type":"ReadAction","target":["https:\/\/www.elementonatural.com\/code-of-conduct\/"]}]},{"@type":"BreadcrumbList","@id":"https:\/\/www.elementonatural.com\/code-of-conduct\/#breadcrumb","itemListElement":[{"@type":"ListItem","position":1,"name":"Home","item":"https:\/\/www.elementonatural.com\/"},{"@type":"ListItem","position":2,"name":"Code of Conduct"}]},{"@type":"WebSite","@id":"https:\/\/www.elementonatural.com\/#website","url":"https:\/\/www.elementonatural.com\/","name":"Elemento Natural","description":"Travel Agency - Costa Rica","publisher":{"@id":"https:\/\/www.elementonatural.com\/#organization"},"potentialAction":[{"@type":"SearchAction","target":{"@type":"EntryPoint","urlTemplate":"https:\/\/www.elementonatural.com\/?s={search_term_string}"},"query-input":{"@type":"PropertyValueSpecification","valueRequired":true,"valueName":"search_term_string"}}],"inLanguage":"fr-FR"},{"@type":"Organization","@id":"https:\/\/www.elementonatural.com\/#organization","name":"Elemento Natural","url":"https:\/\/www.elementonatural.com\/","logo":{"@type":"ImageObject","inLanguage":"fr-FR","@id":"https:\/\/www.elementonatural.com\/#\/schema\/logo\/image\/","url":"https:\/\/www.elementonatural.com\/wp-content\/uploads\/2024\/08\/logo-elemento-natural.png","contentUrl":"https:\/\/www.elementonatural.com\/wp-content\/uploads\/2024\/08\/logo-elemento-natural.png","width":860,"height":280,"caption":"Elemento Natural"},"image":{"@id":"https:\/\/www.elementonatural.com\/#\/schema\/logo\/image\/"}}]}},"_links":{"self":[{"href":"https:\/\/www.elementonatural.com\/fr\/wp-json\/wp\/v2\/pages\/11487","targetHints":{"allow":["GET"]}}],"collection":[{"href":"https:\/\/www.elementonatural.com\/fr\/wp-json\/wp\/v2\/pages"}],"about":[{"href":"https:\/\/www.elementonatural.com\/fr\/wp-json\/wp\/v2\/types\/page"}],"author":[{"embeddable":true,"href":"https:\/\/www.elementonatural.com\/fr\/wp-json\/wp\/v2\/users\/1"}],"replies":[{"embeddable":true,"href":"https:\/\/www.elementonatural.com\/fr\/wp-json\/wp\/v2\/comments?post=11487"}],"version-history":[{"count":10,"href":"https:\/\/www.elementonatural.com\/fr\/wp-json\/wp\/v2\/pages\/11487\/revisions"}],"predecessor-version":[{"id":11820,"href":"https:\/\/www.elementonatural.com\/fr\/wp-json\/wp\/v2\/pages\/11487\/revisions\/11820"}],"wp:attachment":[{"href":"https:\/\/www.elementonatural.com\/fr\/wp-json\/wp\/v2\/media?parent=11487"}],"curies":[{"name":"wp","href":"https:\/\/api.w.org\/{rel}","templated":true}]}}